{"id":566,"date":"2023-11-06T22:14:33","date_gmt":"2023-11-06T21:14:33","guid":{"rendered":"https:\/\/www.olloniegomotor.es\/?page_id=566"},"modified":"2023-11-17T14:46:48","modified_gmt":"2023-11-17T13:46:48","slug":"accesibilidad","status":"publish","type":"page","link":"https:\/\/www.olloniegomotor.es\/en\/accesibilidad\/","title":{"rendered":"Accessibility"},"content":{"rendered":"<div data-elementor-type=\"wp-page\" data-elementor-id=\"566\" class=\"elementor elementor-566\" data-elementor-post-type=\"page\">\n\t\t\t\t\t\t<section class=\"elementor-section elementor-top-section elementor-element elementor-element-ca7f327 elementor-section-boxed elementor-section-height-default elementor-section-height-default\" data-id=\"ca7f327\" data-element_type=\"section\" data-settings=\"{&quot;ekit_has_onepagescroll_dot&quot;:&quot;yes&quot;}\">\n\t\t\t\t\t\t<div class=\"elementor-container elementor-column-gap-default\">\n\t\t\t\t\t<div class=\"elementor-column elementor-col-100 elementor-top-column elementor-element elementor-element-e676a8d\" data-id=\"e676a8d\" data-element_type=\"column\">\n\t\t\t<div class=\"elementor-widget-wrap elementor-element-populated\">\n\t\t\t\t\t\t<div class=\"elementor-element elementor-element-1708d17 elementor-widget elementor-widget-heading\" data-id=\"1708d17\" data-element_type=\"widget\" data-settings=\"{&quot;ekit_we_effect_on&quot;:&quot;none&quot;}\" data-widget_type=\"heading.default\">\n\t\t\t\t<div class=\"elementor-widget-container\">\n\t\t\t\t\t<h2 class=\"elementor-heading-title elementor-size-default\">Accessibility<\/h2>\t\t\t\t<\/div>\n\t\t\t\t<\/div>\n\t\t\t\t\t<\/div>\n\t\t<\/div>\n\t\t\t\t\t<\/div>\n\t\t<\/section>\n\t\t\t\t<section class=\"elementor-section elementor-top-section elementor-element elementor-element-fee0a9e elementor-section-boxed elementor-section-height-default elementor-section-height-default\" data-id=\"fee0a9e\" data-element_type=\"section\" data-settings=\"{&quot;ekit_has_onepagescroll_dot&quot;:&quot;yes&quot;}\">\n\t\t\t\t\t\t<div class=\"elementor-container elementor-column-gap-default\">\n\t\t\t\t\t<div class=\"elementor-column elementor-col-100 elementor-top-column elementor-element elementor-element-56c0be8\" data-id=\"56c0be8\" data-element_type=\"column\">\n\t\t\t<div class=\"elementor-widget-wrap elementor-element-populated\">\n\t\t\t\t\t\t<div class=\"elementor-element elementor-element-229c5fc elementor-widget elementor-widget-text-editor\" data-id=\"229c5fc\" data-element_type=\"widget\" data-settings=\"{&quot;ekit_we_effect_on&quot;:&quot;none&quot;}\" data-widget_type=\"text-editor.default\">\n\t\t\t\t<div class=\"elementor-widget-container\">\n\t\t\t\t\t\t\t\t\t<p><span style=\"font-weight: 400;\">In <\/span><b>OLLONIEGO ENGINE<\/b><span style=\"font-weight: 400;\"> we&#039;ve made it our priority objective that all people, regardless of their disability, age or the type of technology used, to navigate our website without any access difficulty.<\/span><\/p><p><span style=\"font-weight: 400;\">With this purpose, the development of the web <b>OLLONIEGO ENGINE <\/b><\/span><span style=\"font-weight: 400;\">it has been based on compliance with the Guidelines of Accessibility to the Content in the Web 2.0 laid down by the W3C Consortium (World Wide Web).\u00a0<\/span><\/p><p><span style=\"font-weight: 400;\">These guidelines also form the core of standards such as ISO\/IEC 40500 or standard UNE 139803:2012.<\/span><\/p><p><span style=\"font-weight: 400;\">Some of the features implemented to allow you access to all the contents of the web <b>OLLONIEGO ENGINE <\/b><\/span><span style=\"font-weight: 400;\">with greater ease are:<\/span><\/p><p><span style=\"font-weight: 400;\">The visual characteristics of the web page (font type, font color, and background, etc) are defined by the style sheet so that the user can adjust the text to your preferences.<\/span><\/p><p><span style=\"font-weight: 400;\">The sizes of the sources have been defined with relative units so that you can increase or decrease the size of the font from the options of the browser.<\/span><\/p><p><span style=\"font-weight: 400;\">If a user accesses <\/span><b>https:\/\/olloniegomotor.site <\/b><span style=\"font-weight: 400;\">with a browser that does not support a style sheet would not be a problem, because in the same way you can access all the content with CSS turned off.<\/span><\/p><p><span style=\"font-weight: 400;\">The pages have a clear structure both for the user that can view the content as for the person who reads the information using systems of support such as a screen reader, users who disabled the style sheet, etc Under this goal, we have defined using the HTML code section headers, lists and all the elements that help the general understanding of the web site.<\/span><\/p><p><span style=\"font-weight: 400;\">The HTML and CSS used is adjusted to the formal grammars to ensure the correct display of content in various browsers.<\/span><\/p><p><span style=\"font-weight: 400;\">The web site is designed for users to be able to perform a navigation high contrast that allows you to distinguish between a link and text that is not. With the exception of all those links that may be deducted by the context (menus, lists, etc).<\/span><\/p><p><span style=\"font-weight: 400;\">Includes descriptive text in the &#034;ALT&#034; attribute for all images of all the pages.<\/span><\/p><p><span style=\"font-weight: 400;\">However, if you find any difficulty in the access to the information contained in the web <b>OLLONIEGO ENGINE<\/b><\/span><span style=\"font-weight: 400;\"> or you have any suggestions or queries in relation to the accessibility, do not hesitate to contact us via e-mail info@olloniegomotor.site<\/span><\/p>\t\t\t\t\t\t\t\t<\/div>\n\t\t\t\t<\/div>\n\t\t\t\t\t<\/div>\n\t\t<\/div>\n\t\t\t\t\t<\/div>\n\t\t<\/section>\n\t\t\t\t<\/div>","protected":false},"excerpt":{"rendered":"<p>Accesibilidad En OLLONIEGO MOTOR nos hemos marcado como objetivo prioritario que todas las personas, con independencia de su discapacidad, edad o de la tecnolog\u00eda utilizada, puedan navegar por nuestra p\u00e1gina web sin encontrar dificultades de acceso. Con este prop\u00f3sito, el desarrollo de la web de OLLONIEGO MOTOR se ha basado en el cumplimiento de las [&hellip;]<\/p>","protected":false},"author":1,"featured_media":0,"parent":0,"menu_order":0,"comment_status":"closed","ping_status":"closed","template":"elementor_header_footer","meta":{"footnotes":""},"class_list":["post-566","page","type-page","status-publish","hentry"],"yoast_head":"<!-- This site is optimized with the Yoast SEO plugin v24.4 - https:\/\/yoast.com\/wordpress\/plugins\/seo\/ -->\n<title>Accesibilidad - Olloniego Motor Center<\/title>\n<meta name=\"robots\" content=\"index, follow, max-snippet:-1, max-image-preview:large, max-video-preview:-1\" \/>\n<link rel=\"canonical\" href=\"https:\/\/www.olloniegomotor.es\/en\/accesibilidad\/\" \/>\n<meta property=\"og:locale\" content=\"en_US\" \/>\n<meta property=\"og:type\" content=\"article\" \/>\n<meta property=\"og:title\" content=\"Accesibilidad - Olloniego Motor Center\" \/>\n<meta property=\"og:description\" content=\"Accesibilidad En OLLONIEGO MOTOR nos hemos marcado como objetivo prioritario que todas las personas, con independencia de su discapacidad, edad o de la tecnolog\u00eda utilizada, puedan navegar por nuestra p\u00e1gina web sin encontrar dificultades de acceso. Con este prop\u00f3sito, el desarrollo de la web de OLLONIEGO MOTOR se ha basado en el cumplimiento de las [&hellip;]\" \/>\n<meta property=\"og:url\" content=\"https:\/\/www.olloniegomotor.es\/en\/accesibilidad\/\" \/>\n<meta property=\"og:site_name\" content=\"Olloniego Motor Center\" \/>\n<meta property=\"article:modified_time\" content=\"2023-11-17T13:46:48+00:00\" \/>\n<meta name=\"twitter:card\" content=\"summary_large_image\" \/>\n<meta name=\"twitter:label1\" content=\"Est. reading time\" \/>\n\t<meta name=\"twitter:data1\" content=\"2 minutes\" \/>\n<script type=\"application\/ld+json\" class=\"yoast-schema-graph\">{\"@context\":\"https:\/\/schema.org\",\"@graph\":[{\"@type\":\"WebPage\",\"@id\":\"https:\/\/www.olloniegomotor.es\/accesibilidad\/\",\"url\":\"https:\/\/www.olloniegomotor.es\/accesibilidad\/\",\"name\":\"Accesibilidad - Olloniego Motor Center\",\"isPartOf\":{\"@id\":\"https:\/\/www.olloniegomotor.es\/#website\"},\"datePublished\":\"2023-11-06T21:14:33+00:00\",\"dateModified\":\"2023-11-17T13:46:48+00:00\",\"breadcrumb\":{\"@id\":\"https:\/\/www.olloniegomotor.es\/accesibilidad\/#breadcrumb\"},\"inLanguage\":\"en-US\",\"potentialAction\":[{\"@type\":\"ReadAction\",\"target\":[\"https:\/\/www.olloniegomotor.es\/accesibilidad\/\"]}]},{\"@type\":\"BreadcrumbList\",\"@id\":\"https:\/\/www.olloniegomotor.es\/accesibilidad\/#breadcrumb\",\"itemListElement\":[{\"@type\":\"ListItem\",\"position\":1,\"name\":\"Portada\",\"item\":\"https:\/\/www.olloniegomotor.es\/\"},{\"@type\":\"ListItem\",\"position\":2,\"name\":\"Accesibilidad\"}]},{\"@type\":\"WebSite\",\"@id\":\"https:\/\/www.olloniegomotor.es\/#website\",\"url\":\"https:\/\/www.olloniegomotor.es\/\",\"name\":\"Olloniego Motor Center\",\"description\":\"M\u00e1s de 15 a\u00f1os de experiencia en la industria, especializados en marcas del Grupo BMW.\",\"potentialAction\":[{\"@type\":\"SearchAction\",\"target\":{\"@type\":\"EntryPoint\",\"urlTemplate\":\"https:\/\/www.olloniegomotor.es\/?s={search_term_string}\"},\"query-input\":{\"@type\":\"PropertyValueSpecification\",\"valueRequired\":true,\"valueName\":\"search_term_string\"}}],\"inLanguage\":\"en-US\"}]}<\/script>\n<!-- \/ Yoast SEO plugin. -->","yoast_head_json":{"title":"Accesibilidad - Olloniego Motor Center","robots":{"index":"index","follow":"follow","max-snippet":"max-snippet:-1","max-image-preview":"max-image-preview:large","max-video-preview":"max-video-preview:-1"},"canonical":"https:\/\/www.olloniegomotor.es\/en\/accesibilidad\/","og_locale":"en_US","og_type":"article","og_title":"Accesibilidad - Olloniego Motor Center","og_description":"Accesibilidad En OLLONIEGO MOTOR nos hemos marcado como objetivo prioritario que todas las personas, con independencia de su discapacidad, edad o de la tecnolog\u00eda utilizada, puedan navegar por nuestra p\u00e1gina web sin encontrar dificultades de acceso. Con este prop\u00f3sito, el desarrollo de la web de OLLONIEGO MOTOR se ha basado en el cumplimiento de las [&hellip;]","og_url":"https:\/\/www.olloniegomotor.es\/en\/accesibilidad\/","og_site_name":"Olloniego Motor Center","article_modified_time":"2023-11-17T13:46:48+00:00","twitter_card":"summary_large_image","twitter_misc":{"Est. reading time":"2 minutes"},"schema":{"@context":"https:\/\/schema.org","@graph":[{"@type":"WebPage","@id":"https:\/\/www.olloniegomotor.es\/accesibilidad\/","url":"https:\/\/www.olloniegomotor.es\/accesibilidad\/","name":"Accesibilidad - Olloniego Motor Center","isPartOf":{"@id":"https:\/\/www.olloniegomotor.es\/#website"},"datePublished":"2023-11-06T21:14:33+00:00","dateModified":"2023-11-17T13:46:48+00:00","breadcrumb":{"@id":"https:\/\/www.olloniegomotor.es\/accesibilidad\/#breadcrumb"},"inLanguage":"en-US","potentialAction":[{"@type":"ReadAction","target":["https:\/\/www.olloniegomotor.es\/accesibilidad\/"]}]},{"@type":"BreadcrumbList","@id":"https:\/\/www.olloniegomotor.es\/accesibilidad\/#breadcrumb","itemListElement":[{"@type":"ListItem","position":1,"name":"Portada","item":"https:\/\/www.olloniegomotor.es\/"},{"@type":"ListItem","position":2,"name":"Accesibilidad"}]},{"@type":"WebSite","@id":"https:\/\/www.olloniegomotor.es\/#website","url":"https:\/\/www.olloniegomotor.es\/","name":"Olloniego Motor Center","description":"M\u00e1s de 15 a\u00f1os de experiencia en la industria, especializados en marcas del Grupo BMW.","potentialAction":[{"@type":"SearchAction","target":{"@type":"EntryPoint","urlTemplate":"https:\/\/www.olloniegomotor.es\/?s={search_term_string}"},"query-input":{"@type":"PropertyValueSpecification","valueRequired":true,"valueName":"search_term_string"}}],"inLanguage":"en-US"}]}},"_links":{"self":[{"href":"https:\/\/www.olloniegomotor.es\/en\/wp-json\/wp\/v2\/pages\/566","targetHints":{"allow":["GET"]}}],"collection":[{"href":"https:\/\/www.olloniegomotor.es\/en\/wp-json\/wp\/v2\/pages"}],"about":[{"href":"https:\/\/www.olloniegomotor.es\/en\/wp-json\/wp\/v2\/types\/page"}],"author":[{"embeddable":true,"href":"https:\/\/www.olloniegomotor.es\/en\/wp-json\/wp\/v2\/users\/1"}],"replies":[{"embeddable":true,"href":"https:\/\/www.olloniegomotor.es\/en\/wp-json\/wp\/v2\/comments?post=566"}],"version-history":[{"count":10,"href":"https:\/\/www.olloniegomotor.es\/en\/wp-json\/wp\/v2\/pages\/566\/revisions"}],"predecessor-version":[{"id":618,"href":"https:\/\/www.olloniegomotor.es\/en\/wp-json\/wp\/v2\/pages\/566\/revisions\/618"}],"wp:attachment":[{"href":"https:\/\/www.olloniegomotor.es\/en\/wp-json\/wp\/v2\/media?parent=566"}],"curies":[{"name":"wp","href":"https:\/\/api.w.org\/{rel}","templated":true}]}}