{"id":176,"date":"2023-10-31T22:37:37","date_gmt":"2023-10-31T21:37:37","guid":{"rendered":"https:\/\/www.olloniegomotor.es\/?page_id=176"},"modified":"2024-07-08T16:42:35","modified_gmt":"2024-07-08T14:42:35","slug":"mantenimiento-de-flotas","status":"publish","type":"page","link":"https:\/\/www.olloniegomotor.es\/en\/mantenimiento-de-flotas\/","title":{"rendered":"Fleet maintenance"},"content":{"rendered":"<div data-elementor-type=\"wp-page\" data-elementor-id=\"176\" class=\"elementor elementor-176\" data-elementor-post-type=\"page\">\n\t\t\t\t\t\t<section class=\"elementor-section elementor-top-section elementor-element elementor-element-82935d2 elementor-section-height-min-height elementor-section-boxed elementor-section-height-default elementor-section-items-middle\" data-id=\"82935d2\" data-element_type=\"section\" data-settings=\"{&quot;background_background&quot;:&quot;classic&quot;,&quot;ekit_has_onepagescroll_dot&quot;:&quot;yes&quot;}\">\n\t\t\t\t\t\t\t<div class=\"elementor-background-overlay\"><\/div>\n\t\t\t\t\t\t\t<div class=\"elementor-container elementor-column-gap-default\">\n\t\t\t\t\t<div class=\"elementor-column elementor-col-100 elementor-top-column elementor-element elementor-element-00cdc97\" data-id=\"00cdc97\" data-element_type=\"column\">\n\t\t\t<div class=\"elementor-widget-wrap elementor-element-populated\">\n\t\t\t\t\t\t<div class=\"elementor-element elementor-element-cc08e09 elementor-widget elementor-widget-elementskit-heading\" data-id=\"cc08e09\" data-element_type=\"widget\" data-settings=\"{&quot;ekit_we_effect_on&quot;:&quot;none&quot;}\" data-widget_type=\"elementskit-heading.default\">\n\t\t\t\t<div class=\"elementor-widget-container\">\n\t\t\t\t\t<div class=\"ekit-wid-con\" ><div class=\"ekit-heading elementskit-section-title-wraper text_center   ekit_heading_tablet-text_center   ekit_heading_mobile-\"><h1 class=\"ekit-heading--title elementskit-section-title\">Fleet maintenance<\/h1><\/div><\/div>\t\t\t\t<\/div>\n\t\t\t\t<\/div>\n\t\t\t\t<div class=\"elementor-element elementor-element-e313ea5 elementor-widget elementor-widget-text-editor\" data-id=\"e313ea5\" data-element_type=\"widget\" data-settings=\"{&quot;ekit_we_effect_on&quot;:&quot;none&quot;}\" data-widget_type=\"text-editor.default\">\n\t\t\t\t<div class=\"elementor-widget-container\">\n\t\t\t\t\t\t\t\t\t<p><a href=\"#\">Home<\/a> &gt;<a href=\"#\"> Services<\/a> &gt; Fleet maintenance<\/p>\t\t\t\t\t\t\t\t<\/div>\n\t\t\t\t<\/div>\n\t\t\t\t\t<\/div>\n\t\t<\/div>\n\t\t\t\t\t<\/div>\n\t\t<\/section>\n\t\t\t\t<section class=\"elementor-section elementor-top-section elementor-element elementor-element-a459bb7 elementor-section-boxed elementor-section-height-default elementor-section-height-default\" data-id=\"a459bb7\" data-element_type=\"section\" data-settings=\"{&quot;ekit_has_onepagescroll_dot&quot;:&quot;yes&quot;}\">\n\t\t\t\t\t\t<div class=\"elementor-container elementor-column-gap-default\">\n\t\t\t\t\t<div class=\"elementor-column elementor-col-50 elementor-top-column elementor-element elementor-element-e879236\" data-id=\"e879236\" data-element_type=\"column\">\n\t\t\t<div class=\"elementor-widget-wrap elementor-element-populated\">\n\t\t\t\t\t\t<div class=\"elementor-element elementor-element-b05c7ff elementor-hidden-tablet elementor-hidden-mobile elementor-widget elementor-widget-image\" data-id=\"b05c7ff\" data-element_type=\"widget\" data-settings=\"{&quot;ekit_we_effect_on&quot;:&quot;none&quot;}\" data-widget_type=\"image.default\">\n\t\t\t\t<div class=\"elementor-widget-container\">\n\t\t\t\t\t\t\t\t\t\t\t\t\t\t\t<img fetchpriority=\"high\" decoding=\"async\" width=\"690\" height=\"460\" src=\"https:\/\/www.olloniegomotor.es\/wp-content\/uploads\/2023\/10\/flotas.jpg\" class=\"attachment-full size-full wp-image-94\" alt=\"\" srcset=\"https:\/\/www.olloniegomotor.es\/wp-content\/uploads\/2023\/10\/flotas.jpg 690w, https:\/\/www.olloniegomotor.es\/wp-content\/uploads\/2023\/10\/flotas-300x200.jpg 300w\" sizes=\"(max-width: 690px) 100vw, 690px\" \/>\t\t\t\t\t\t\t\t\t\t\t\t\t\t\t<\/div>\n\t\t\t\t<\/div>\n\t\t\t\t<div class=\"elementor-element elementor-element-0efc4ea elementor-widget elementor-widget-text-editor\" data-id=\"0efc4ea\" data-element_type=\"widget\" data-settings=\"{&quot;ekit_we_effect_on&quot;:&quot;none&quot;}\" data-widget_type=\"text-editor.default\">\n\t\t\t\t<div class=\"elementor-widget-container\">\n\t\t\t\t\t\t\t\t\t<p>In Olloniego Engine Center, we understand that managing a fleet of vehicles can be a challenge, and we are here to make it easier. Our service of maintenance of the fleet is designed specifically to meet the needs of businesses and organizations that rely on its fleet for business operations efficient.<\/p>\t\t\t\t\t\t\t\t<\/div>\n\t\t\t\t<\/div>\n\t\t\t\t<section class=\"elementor-section elementor-inner-section elementor-element elementor-element-684059a elementor-section-boxed elementor-section-height-default elementor-section-height-default\" data-id=\"684059a\" data-element_type=\"section\" data-settings=\"{&quot;ekit_has_onepagescroll_dot&quot;:&quot;yes&quot;}\">\n\t\t\t\t\t\t<div class=\"elementor-container elementor-column-gap-default\">\n\t\t\t\t\t<div class=\"elementor-column elementor-col-50 elementor-inner-column elementor-element elementor-element-80ccb7c\" data-id=\"80ccb7c\" data-element_type=\"column\">\n\t\t\t<div class=\"elementor-widget-wrap elementor-element-populated\">\n\t\t\t\t\t\t<div class=\"elementor-element elementor-element-6dc8a90 elementor-widget elementor-widget-image\" data-id=\"6dc8a90\" data-element_type=\"widget\" data-settings=\"{&quot;ekit_we_effect_on&quot;:&quot;none&quot;}\" data-widget_type=\"image.default\">\n\t\t\t\t<div class=\"elementor-widget-container\">\n\t\t\t\t\t\t\t\t\t\t\t\t\t\t\t<img decoding=\"async\" width=\"359\" height=\"534\" src=\"https:\/\/www.olloniegomotor.es\/wp-content\/uploads\/2023\/10\/05-1.jpg\" class=\"attachment-large size-large wp-image-184\" alt=\"\" srcset=\"https:\/\/www.olloniegomotor.es\/wp-content\/uploads\/2023\/10\/05-1.jpg 359w, https:\/\/www.olloniegomotor.es\/wp-content\/uploads\/2023\/10\/05-1-202x300.jpg 202w\" sizes=\"(max-width: 359px) 100vw, 359px\" \/>\t\t\t\t\t\t\t\t\t\t\t\t\t\t\t<\/div>\n\t\t\t\t<\/div>\n\t\t\t\t\t<\/div>\n\t\t<\/div>\n\t\t\t\t<div class=\"elementor-column elementor-col-50 elementor-inner-column elementor-element elementor-element-f570ca3\" data-id=\"f570ca3\" data-element_type=\"column\">\n\t\t\t<div class=\"elementor-widget-wrap elementor-element-populated\">\n\t\t\t\t\t\t<div class=\"elementor-element elementor-element-427cf1b elementor-widget elementor-widget-text-editor\" data-id=\"427cf1b\" data-element_type=\"widget\" data-settings=\"{&quot;ekit_we_effect_on&quot;:&quot;none&quot;}\" data-widget_type=\"text-editor.default\">\n\t\t\t\t<div class=\"elementor-widget-container\">\n\t\t\t\t\t\t\t\t\t<p><strong style=\"background-color: var( --e-global-color-secondary ); font-family: var( --e-global-typography-text-font-family ), Sans-serif; font-size: var( --e-global-typography-text-font-size );\">Preventive and Corrective maintenance:<\/strong><span style=\"background-color: var( --e-global-color-secondary ); font-family: var( --e-global-typography-text-font-family ), Sans-serif; font-size: var( --e-global-typography-text-font-size ); font-weight: var( --e-global-typography-text-font-weight );\"> We offer a comprehensive approach to the maintenance of your fleet. This includes both planned preventative maintenance, which helps to prevent problems before they occur, such as corrective maintenance, which deals with necessary repairs quickly and effectively. Our priority is to keep your vehicles in excellent working condition.<\/span><\/p><p><strong>Customized Maintenance programs:<\/strong> We recognize that each fleet has specific needs and challenges. Therefore, we design customized maintenance programs that are tailored to your vehicles, your business and your budget. This ensures that you get exactly the services you need, without unnecessary expenses.<\/p><p><strong>Technical Expertise:<\/strong> Our team of technicians is highly trained and specialized in the maintenance of fleets. Understand the unique needs of the management of multiple vehicles and work with speed and precision to keep your vehicle in operation.<\/p><p><br \/><strong>Gesti\u00f3n de Historial de Mantenimiento<\/strong><br \/>Realizamos los mantenimientos especificados por el fabricante, siguiendo sus protocolos y utilizando materiales de primera calidad, lo que asegura que la garant\u00eda del veh\u00edculo no se vea afectada. Adem\u00e1s, llevamos un registro detallado del historial de mantenimiento de cada veh\u00edculo de tu flota, facilitando el seguimiento de las necesidades de mantenimiento y la planificaci\u00f3n a largo plazo. Utilizamos la plataforma Aftersales Online System para sellar los libros de forma electr\u00f3nica, en caso de que el fabricante disponga de ella.<\/p>\t\t\t\t\t\t\t\t<\/div>\n\t\t\t\t<\/div>\n\t\t\t\t\t<\/div>\n\t\t<\/div>\n\t\t\t\t\t<\/div>\n\t\t<\/section>\n\t\t\t\t<section class=\"elementor-section elementor-inner-section elementor-element elementor-element-6060056 elementor-section-boxed elementor-section-height-default elementor-section-height-default\" data-id=\"6060056\" data-element_type=\"section\" data-settings=\"{&quot;ekit_has_onepagescroll_dot&quot;:&quot;yes&quot;}\">\n\t\t\t\t\t\t<div class=\"elementor-container elementor-column-gap-default\">\n\t\t\t\t\t<div class=\"elementor-column elementor-col-100 elementor-inner-column elementor-element elementor-element-83692a6\" data-id=\"83692a6\" data-element_type=\"column\">\n\t\t\t<div class=\"elementor-widget-wrap elementor-element-populated\">\n\t\t\t\t\t\t<div class=\"elementor-element elementor-element-3b6eb6a elementor-widget__width-initial elementor-widget elementor-widget-text-editor\" data-id=\"3b6eb6a\" data-element_type=\"widget\" data-settings=\"{&quot;ekit_we_effect_on&quot;:&quot;none&quot;}\" data-widget_type=\"text-editor.default\">\n\t\t\t\t<div class=\"elementor-widget-container\">\n\t\t\t\t\t\t\t\t\t<p>Manage a fleet of vehicles doesn&#039;t have to be complicated. In Olloniego Engine Center, we&#039;re here to make the maintenance of your fleet more efficient and effective. Trust us to ensure that your vehicles are in better shape, allowing you to keep your operations running smoothly.<\/p>\t\t\t\t\t\t\t\t<\/div>\n\t\t\t\t<\/div>\n\t\t\t\t\t<\/div>\n\t\t<\/div>\n\t\t\t\t\t<\/div>\n\t\t<\/section>\n\t\t\t\t\t<\/div>\n\t\t<\/div>\n\t\t\t\t<div class=\"elementor-column elementor-col-50 elementor-top-column elementor-element elementor-element-3d36af0\" data-id=\"3d36af0\" data-element_type=\"column\">\n\t\t\t<div class=\"elementor-widget-wrap elementor-element-populated\">\n\t\t\t\t\t\t<section class=\"elementor-section elementor-inner-section elementor-element elementor-element-0c3b981 elementor-section-boxed elementor-section-height-default elementor-section-height-default\" data-id=\"0c3b981\" data-element_type=\"section\" data-settings=\"{&quot;ekit_has_onepagescroll_dot&quot;:&quot;yes&quot;}\">\n\t\t\t\t\t\t<div class=\"elementor-container elementor-column-gap-default\">\n\t\t\t\t\t<div class=\"elementor-column elementor-col-100 elementor-inner-column elementor-element elementor-element-b06e170\" data-id=\"b06e170\" data-element_type=\"column\" data-settings=\"{&quot;background_background&quot;:&quot;classic&quot;}\">\n\t\t\t<div class=\"elementor-widget-wrap elementor-element-populated\">\n\t\t\t\t\t\t<div class=\"elementor-element elementor-element-5e466dc elementor-widget elementor-widget-heading\" data-id=\"5e466dc\" data-element_type=\"widget\" data-settings=\"{&quot;ekit_we_effect_on&quot;:&quot;none&quot;}\" data-widget_type=\"heading.default\">\n\t\t\t\t<div class=\"elementor-widget-container\">\n\t\t\t\t\t<h4 class=\"elementor-heading-title elementor-size-default\">Other services<\/h4>\t\t\t\t<\/div>\n\t\t\t\t<\/div>\n\t\t\t\t<div class=\"elementor-element elementor-element-5888b56 elementor-icon-list--layout-traditional elementor-list-item-link-full_width elementor-widget elementor-widget-icon-list\" data-id=\"5888b56\" data-element_type=\"widget\" data-settings=\"{&quot;ekit_we_effect_on&quot;:&quot;none&quot;}\" data-widget_type=\"icon-list.default\">\n\t\t\t\t<div class=\"elementor-widget-container\">\n\t\t\t\t\t\t\t<ul class=\"elementor-icon-list-items\">\n\t\t\t\t\t\t\t<li class=\"elementor-icon-list-item\">\n\t\t\t\t\t\t\t\t\t\t\t<a href=\"https:\/\/www.olloniegomotor.es\/en\/soluciones-electronicas-avanzadas\/\">\n\n\t\t\t\t\t\t\t\t\t\t\t<span class=\"elementor-icon-list-text\">Electronic Solutions <br>Advanced<\/span>\n\t\t\t\t\t\t\t\t\t\t\t<\/a>\n\t\t\t\t\t\t\t\t\t<\/li>\n\t\t\t\t\t\t<\/ul>\n\t\t\t\t\t\t<\/div>\n\t\t\t\t<\/div>\n\t\t\t\t<div class=\"elementor-element elementor-element-87463f0 elementor-icon-list--layout-traditional elementor-list-item-link-full_width elementor-widget elementor-widget-icon-list\" data-id=\"87463f0\" data-element_type=\"widget\" data-settings=\"{&quot;ekit_we_effect_on&quot;:&quot;none&quot;}\" data-widget_type=\"icon-list.default\">\n\t\t\t\t<div class=\"elementor-widget-container\">\n\t\t\t\t\t\t\t<ul class=\"elementor-icon-list-items\">\n\t\t\t\t\t\t\t<li class=\"elementor-icon-list-item\">\n\t\t\t\t\t\t\t\t\t\t\t<a href=\"https:\/\/www.olloniegomotor.es\/en\/diagnosis-reparacion-y-programacion-bmw\/\">\n\n\t\t\t\t\t\t\t\t\t\t\t<span class=\"elementor-icon-list-text\">Diagnosis, Repair And Programming BMW<\/span>\n\t\t\t\t\t\t\t\t\t\t\t<\/a>\n\t\t\t\t\t\t\t\t\t<\/li>\n\t\t\t\t\t\t<\/ul>\n\t\t\t\t\t\t<\/div>\n\t\t\t\t<\/div>\n\t\t\t\t<div class=\"elementor-element elementor-element-dc7dd40 elementor-icon-list--layout-traditional elementor-list-item-link-full_width elementor-widget elementor-widget-icon-list\" data-id=\"dc7dd40\" data-element_type=\"widget\" data-settings=\"{&quot;ekit_we_effect_on&quot;:&quot;none&quot;}\" data-widget_type=\"icon-list.default\">\n\t\t\t\t<div class=\"elementor-widget-container\">\n\t\t\t\t\t\t\t<ul class=\"elementor-icon-list-items\">\n\t\t\t\t\t\t\t<li class=\"elementor-icon-list-item\">\n\t\t\t\t\t\t\t\t\t\t\t<a href=\"https:\/\/www.olloniegomotor.es\/en\/reparacion-de-cuadros-de-instrumentos\/\">\n\n\t\t\t\t\t\t\t\t\t\t\t<span class=\"elementor-icon-list-text\">Repair of Instrument Charts<\/span>\n\t\t\t\t\t\t\t\t\t\t\t<\/a>\n\t\t\t\t\t\t\t\t\t<\/li>\n\t\t\t\t\t\t<\/ul>\n\t\t\t\t\t\t<\/div>\n\t\t\t\t<\/div>\n\t\t\t\t<div class=\"elementor-element elementor-element-272f82f elementor-icon-list--layout-traditional elementor-list-item-link-full_width elementor-widget elementor-widget-icon-list\" data-id=\"272f82f\" data-element_type=\"widget\" data-settings=\"{&quot;ekit_we_effect_on&quot;:&quot;none&quot;}\" data-widget_type=\"icon-list.default\">\n\t\t\t\t<div class=\"elementor-widget-container\">\n\t\t\t\t\t\t\t<ul class=\"elementor-icon-list-items\">\n\t\t\t\t\t\t\t<li class=\"elementor-icon-list-item\">\n\t\t\t\t\t\t\t\t\t\t\t<a href=\"https:\/\/www.olloniegomotor.es\/en\/mantenimiento-de-flotas\/\">\n\n\t\t\t\t\t\t\t\t\t\t\t<span class=\"elementor-icon-list-text\">Maintenance<br>Fleet<\/span>\n\t\t\t\t\t\t\t\t\t\t\t<\/a>\n\t\t\t\t\t\t\t\t\t<\/li>\n\t\t\t\t\t\t<\/ul>\n\t\t\t\t\t\t<\/div>\n\t\t\t\t<\/div>\n\t\t\t\t<div class=\"elementor-element elementor-element-7597391 elementor-icon-list--layout-traditional elementor-list-item-link-full_width elementor-widget elementor-widget-icon-list\" data-id=\"7597391\" data-element_type=\"widget\" data-settings=\"{&quot;ekit_we_effect_on&quot;:&quot;none&quot;}\" data-widget_type=\"icon-list.default\">\n\t\t\t\t<div class=\"elementor-widget-container\">\n\t\t\t\t\t\t\t<ul class=\"elementor-icon-list-items\">\n\t\t\t\t\t\t\t<li class=\"elementor-icon-list-item\">\n\t\t\t\t\t\t\t\t\t\t\t<a href=\"https:\/\/www.olloniegomotor.es\/en\/neumaticos-y-alineaciones\/\">\n\n\t\t\t\t\t\t\t\t\t\t\t<span class=\"elementor-icon-list-text\">Tires <br>and Alignments<\/span>\n\t\t\t\t\t\t\t\t\t\t\t<\/a>\n\t\t\t\t\t\t\t\t\t<\/li>\n\t\t\t\t\t\t<\/ul>\n\t\t\t\t\t\t<\/div>\n\t\t\t\t<\/div>\n\t\t\t\t\t<\/div>\n\t\t<\/div>\n\t\t\t\t\t<\/div>\n\t\t<\/section>\n\t\t\t\t<section class=\"elementor-section elementor-inner-section elementor-element elementor-element-c410333 elementor-section-boxed elementor-section-height-default elementor-section-height-default\" data-id=\"c410333\" data-element_type=\"section\" data-settings=\"{&quot;ekit_has_onepagescroll_dot&quot;:&quot;yes&quot;}\">\n\t\t\t\t\t\t<div class=\"elementor-container elementor-column-gap-default\">\n\t\t\t\t\t<div class=\"elementor-column elementor-col-100 elementor-inner-column elementor-element elementor-element-8780c96\" data-id=\"8780c96\" data-element_type=\"column\" data-settings=\"{&quot;background_background&quot;:&quot;classic&quot;}\">\n\t\t\t<div class=\"elementor-widget-wrap elementor-element-populated\">\n\t\t\t\t\t<div class=\"elementor-background-overlay\"><\/div>\n\t\t\t\t\t\t<div class=\"elementor-element elementor-element-7cee9a7 elementor-widget elementor-widget-spacer\" data-id=\"7cee9a7\" data-element_type=\"widget\" data-settings=\"{&quot;ekit_we_effect_on&quot;:&quot;none&quot;}\" data-widget_type=\"spacer.default\">\n\t\t\t\t<div class=\"elementor-widget-container\">\n\t\t\t\t\t\t\t<div class=\"elementor-spacer\">\n\t\t\t<div class=\"elementor-spacer-inner\"><\/div>\n\t\t<\/div>\n\t\t\t\t\t\t<\/div>\n\t\t\t\t<\/div>\n\t\t\t\t<div class=\"elementor-element elementor-element-c65b427 elementor-widget elementor-widget-elementskit-heading\" data-id=\"c65b427\" data-element_type=\"widget\" data-settings=\"{&quot;ekit_we_effect_on&quot;:&quot;none&quot;}\" data-widget_type=\"elementskit-heading.default\">\n\t\t\t\t<div class=\"elementor-widget-container\">\n\t\t\t\t\t<div class=\"ekit-wid-con\" ><div class=\"ekit-heading elementskit-section-title-wraper text_center   ekit_heading_tablet-text_center   ekit_heading_mobile-\"><h3 class=\"ekit-heading--title elementskit-section-title\">Contact us<br> <span><span>663782922<\/span><\/span><\/h3><\/div><\/div>\t\t\t\t<\/div>\n\t\t\t\t<\/div>\n\t\t\t\t<div class=\"elementor-element elementor-element-56db5bd elementor-widget elementor-widget-spacer\" data-id=\"56db5bd\" data-element_type=\"widget\" data-settings=\"{&quot;ekit_we_effect_on&quot;:&quot;none&quot;}\" data-widget_type=\"spacer.default\">\n\t\t\t\t<div class=\"elementor-widget-container\">\n\t\t\t\t\t\t\t<div class=\"elementor-spacer\">\n\t\t\t<div class=\"elementor-spacer-inner\"><\/div>\n\t\t<\/div>\n\t\t\t\t\t\t<\/div>\n\t\t\t\t<\/div>\n\t\t\t\t\t<\/div>\n\t\t<\/div>\n\t\t\t\t\t<\/div>\n\t\t<\/section>\n\t\t\t\t\t<\/div>\n\t\t<\/div>\n\t\t\t\t\t<\/div>\n\t\t<\/section>\n\t\t\t\t<\/div>","protected":false},"excerpt":{"rendered":"<p>Mantenimiento de Flotas Inicio &gt; Servicios &gt; Mantenimiento de Flotas En Olloniego Motor Center, entendemos que la gesti\u00f3n de una flota de veh\u00edculos puede ser un desaf\u00edo, y estamos aqu\u00ed para hacerlo m\u00e1s f\u00e1cil. Nuestro servicio de mantenimiento de flotas est\u00e1 dise\u00f1ado espec\u00edficamente para satisfacer las necesidades de empresas y organizaciones que conf\u00edan en su [&hellip;]<\/p>","protected":false},"author":1,"featured_media":0,"parent":0,"menu_order":0,"comment_status":"closed","ping_status":"closed","template":"elementor_header_footer","meta":{"footnotes":""},"class_list":["post-176","page","type-page","status-publish","hentry"],"yoast_head":"<!-- This site is optimized with the Yoast SEO plugin v24.4 - https:\/\/yoast.com\/wordpress\/plugins\/seo\/ -->\n<title>Mantenimiento de Flotas - Olloniego Motor Center<\/title>\n<meta name=\"robots\" content=\"index, follow, max-snippet:-1, max-image-preview:large, max-video-preview:-1\" \/>\n<link rel=\"canonical\" href=\"https:\/\/www.olloniegomotor.es\/en\/mantenimiento-de-flotas\/\" \/>\n<meta property=\"og:locale\" content=\"en_US\" \/>\n<meta property=\"og:type\" content=\"article\" \/>\n<meta property=\"og:title\" content=\"Mantenimiento de Flotas - Olloniego Motor Center\" \/>\n<meta property=\"og:description\" content=\"Mantenimiento de Flotas Inicio &gt; Servicios &gt; Mantenimiento de Flotas En Olloniego Motor Center, entendemos que la gesti\u00f3n de una flota de veh\u00edculos puede ser un desaf\u00edo, y estamos aqu\u00ed para hacerlo m\u00e1s f\u00e1cil. Nuestro servicio de mantenimiento de flotas est\u00e1 dise\u00f1ado espec\u00edficamente para satisfacer las necesidades de empresas y organizaciones que conf\u00edan en su [&hellip;]\" \/>\n<meta property=\"og:url\" content=\"https:\/\/www.olloniegomotor.es\/en\/mantenimiento-de-flotas\/\" \/>\n<meta property=\"og:site_name\" content=\"Olloniego Motor Center\" \/>\n<meta property=\"article:modified_time\" content=\"2024-07-08T14:42:35+00:00\" \/>\n<meta property=\"og:image\" content=\"https:\/\/www.olloniegomotor.es\/wp-content\/uploads\/2023\/10\/flotas.jpg\" \/>\n<meta name=\"twitter:card\" content=\"summary_large_image\" \/>\n<meta name=\"twitter:label1\" content=\"Est. reading time\" \/>\n\t<meta name=\"twitter:data1\" content=\"3 minutes\" \/>\n<script type=\"application\/ld+json\" class=\"yoast-schema-graph\">{\"@context\":\"https:\/\/schema.org\",\"@graph\":[{\"@type\":\"WebPage\",\"@id\":\"https:\/\/www.olloniegomotor.es\/mantenimiento-de-flotas\/\",\"url\":\"https:\/\/www.olloniegomotor.es\/mantenimiento-de-flotas\/\",\"name\":\"Mantenimiento de Flotas - Olloniego Motor Center\",\"isPartOf\":{\"@id\":\"https:\/\/www.olloniegomotor.es\/#website\"},\"primaryImageOfPage\":{\"@id\":\"https:\/\/www.olloniegomotor.es\/mantenimiento-de-flotas\/#primaryimage\"},\"image\":{\"@id\":\"https:\/\/www.olloniegomotor.es\/mantenimiento-de-flotas\/#primaryimage\"},\"thumbnailUrl\":\"https:\/\/www.olloniegomotor.es\/wp-content\/uploads\/2023\/10\/flotas.jpg\",\"datePublished\":\"2023-10-31T21:37:37+00:00\",\"dateModified\":\"2024-07-08T14:42:35+00:00\",\"breadcrumb\":{\"@id\":\"https:\/\/www.olloniegomotor.es\/mantenimiento-de-flotas\/#breadcrumb\"},\"inLanguage\":\"en-US\",\"potentialAction\":[{\"@type\":\"ReadAction\",\"target\":[\"https:\/\/www.olloniegomotor.es\/mantenimiento-de-flotas\/\"]}]},{\"@type\":\"ImageObject\",\"inLanguage\":\"en-US\",\"@id\":\"https:\/\/www.olloniegomotor.es\/mantenimiento-de-flotas\/#primaryimage\",\"url\":\"https:\/\/www.olloniegomotor.es\/wp-content\/uploads\/2023\/10\/flotas.jpg\",\"contentUrl\":\"https:\/\/www.olloniegomotor.es\/wp-content\/uploads\/2023\/10\/flotas.jpg\"},{\"@type\":\"BreadcrumbList\",\"@id\":\"https:\/\/www.olloniegomotor.es\/mantenimiento-de-flotas\/#breadcrumb\",\"itemListElement\":[{\"@type\":\"ListItem\",\"position\":1,\"name\":\"Portada\",\"item\":\"https:\/\/www.olloniegomotor.es\/\"},{\"@type\":\"ListItem\",\"position\":2,\"name\":\"Mantenimiento de Flotas\"}]},{\"@type\":\"WebSite\",\"@id\":\"https:\/\/www.olloniegomotor.es\/#website\",\"url\":\"https:\/\/www.olloniegomotor.es\/\",\"name\":\"Olloniego Motor Center\",\"description\":\"M\u00e1s de 15 a\u00f1os de experiencia en la industria, especializados en marcas del Grupo BMW.\",\"potentialAction\":[{\"@type\":\"SearchAction\",\"target\":{\"@type\":\"EntryPoint\",\"urlTemplate\":\"https:\/\/www.olloniegomotor.es\/?s={search_term_string}\"},\"query-input\":{\"@type\":\"PropertyValueSpecification\",\"valueRequired\":true,\"valueName\":\"search_term_string\"}}],\"inLanguage\":\"en-US\"}]}<\/script>\n<!-- \/ Yoast SEO plugin. -->","yoast_head_json":{"title":"Mantenimiento de Flotas - Olloniego Motor Center","robots":{"index":"index","follow":"follow","max-snippet":"max-snippet:-1","max-image-preview":"max-image-preview:large","max-video-preview":"max-video-preview:-1"},"canonical":"https:\/\/www.olloniegomotor.es\/en\/mantenimiento-de-flotas\/","og_locale":"en_US","og_type":"article","og_title":"Mantenimiento de Flotas - Olloniego Motor Center","og_description":"Mantenimiento de Flotas Inicio &gt; Servicios &gt; Mantenimiento de Flotas En Olloniego Motor Center, entendemos que la gesti\u00f3n de una flota de veh\u00edculos puede ser un desaf\u00edo, y estamos aqu\u00ed para hacerlo m\u00e1s f\u00e1cil. Nuestro servicio de mantenimiento de flotas est\u00e1 dise\u00f1ado espec\u00edficamente para satisfacer las necesidades de empresas y organizaciones que conf\u00edan en su [&hellip;]","og_url":"https:\/\/www.olloniegomotor.es\/en\/mantenimiento-de-flotas\/","og_site_name":"Olloniego Motor Center","article_modified_time":"2024-07-08T14:42:35+00:00","og_image":[{"url":"https:\/\/www.olloniegomotor.es\/wp-content\/uploads\/2023\/10\/flotas.jpg","type":"","width":"","height":""}],"twitter_card":"summary_large_image","twitter_misc":{"Est. reading time":"3 minutes"},"schema":{"@context":"https:\/\/schema.org","@graph":[{"@type":"WebPage","@id":"https:\/\/www.olloniegomotor.es\/mantenimiento-de-flotas\/","url":"https:\/\/www.olloniegomotor.es\/mantenimiento-de-flotas\/","name":"Mantenimiento de Flotas - Olloniego Motor Center","isPartOf":{"@id":"https:\/\/www.olloniegomotor.es\/#website"},"primaryImageOfPage":{"@id":"https:\/\/www.olloniegomotor.es\/mantenimiento-de-flotas\/#primaryimage"},"image":{"@id":"https:\/\/www.olloniegomotor.es\/mantenimiento-de-flotas\/#primaryimage"},"thumbnailUrl":"https:\/\/www.olloniegomotor.es\/wp-content\/uploads\/2023\/10\/flotas.jpg","datePublished":"2023-10-31T21:37:37+00:00","dateModified":"2024-07-08T14:42:35+00:00","breadcrumb":{"@id":"https:\/\/www.olloniegomotor.es\/mantenimiento-de-flotas\/#breadcrumb"},"inLanguage":"en-US","potentialAction":[{"@type":"ReadAction","target":["https:\/\/www.olloniegomotor.es\/mantenimiento-de-flotas\/"]}]},{"@type":"ImageObject","inLanguage":"en-US","@id":"https:\/\/www.olloniegomotor.es\/mantenimiento-de-flotas\/#primaryimage","url":"https:\/\/www.olloniegomotor.es\/wp-content\/uploads\/2023\/10\/flotas.jpg","contentUrl":"https:\/\/www.olloniegomotor.es\/wp-content\/uploads\/2023\/10\/flotas.jpg"},{"@type":"BreadcrumbList","@id":"https:\/\/www.olloniegomotor.es\/mantenimiento-de-flotas\/#breadcrumb","itemListElement":[{"@type":"ListItem","position":1,"name":"Portada","item":"https:\/\/www.olloniegomotor.es\/"},{"@type":"ListItem","position":2,"name":"Mantenimiento de Flotas"}]},{"@type":"WebSite","@id":"https:\/\/www.olloniegomotor.es\/#website","url":"https:\/\/www.olloniegomotor.es\/","name":"Olloniego Motor Center","description":"M\u00e1s de 15 a\u00f1os de experiencia en la industria, especializados en marcas del Grupo BMW.","potentialAction":[{"@type":"SearchAction","target":{"@type":"EntryPoint","urlTemplate":"https:\/\/www.olloniegomotor.es\/?s={search_term_string}"},"query-input":{"@type":"PropertyValueSpecification","valueRequired":true,"valueName":"search_term_string"}}],"inLanguage":"en-US"}]}},"_links":{"self":[{"href":"https:\/\/www.olloniegomotor.es\/en\/wp-json\/wp\/v2\/pages\/176","targetHints":{"allow":["GET"]}}],"collection":[{"href":"https:\/\/www.olloniegomotor.es\/en\/wp-json\/wp\/v2\/pages"}],"about":[{"href":"https:\/\/www.olloniegomotor.es\/en\/wp-json\/wp\/v2\/types\/page"}],"author":[{"embeddable":true,"href":"https:\/\/www.olloniegomotor.es\/en\/wp-json\/wp\/v2\/users\/1"}],"replies":[{"embeddable":true,"href":"https:\/\/www.olloniegomotor.es\/en\/wp-json\/wp\/v2\/comments?post=176"}],"version-history":[{"count":22,"href":"https:\/\/www.olloniegomotor.es\/en\/wp-json\/wp\/v2\/pages\/176\/revisions"}],"predecessor-version":[{"id":696,"href":"https:\/\/www.olloniegomotor.es\/en\/wp-json\/wp\/v2\/pages\/176\/revisions\/696"}],"wp:attachment":[{"href":"https:\/\/www.olloniegomotor.es\/en\/wp-json\/wp\/v2\/media?parent=176"}],"curies":[{"name":"wp","href":"https:\/\/api.w.org\/{rel}","templated":true}]}}