{"id":170,"date":"2023-10-31T22:27:25","date_gmt":"2023-10-31T21:27:25","guid":{"rendered":"https:\/\/www.olloniegomotor.es\/?page_id=170"},"modified":"2024-07-01T22:01:11","modified_gmt":"2024-07-01T20:01:11","slug":"reparacion-de-cuadros-de-instrumentos","status":"publish","type":"page","link":"https:\/\/www.olloniegomotor.es\/en\/reparacion-de-cuadros-de-instrumentos\/","title":{"rendered":"Repair of Instrument Charts"},"content":{"rendered":"<div data-elementor-type=\"wp-page\" data-elementor-id=\"170\" class=\"elementor elementor-170\" data-elementor-post-type=\"page\">\n\t\t\t\t\t\t<section class=\"elementor-section elementor-top-section elementor-element elementor-element-82935d2 elementor-section-height-min-height elementor-section-boxed elementor-section-height-default elementor-section-items-middle\" data-id=\"82935d2\" data-element_type=\"section\" data-settings=\"{&quot;background_background&quot;:&quot;classic&quot;,&quot;ekit_has_onepagescroll_dot&quot;:&quot;yes&quot;}\">\n\t\t\t\t\t\t\t<div class=\"elementor-background-overlay\"><\/div>\n\t\t\t\t\t\t\t<div class=\"elementor-container elementor-column-gap-default\">\n\t\t\t\t\t<div class=\"elementor-column elementor-col-100 elementor-top-column elementor-element elementor-element-00cdc97\" data-id=\"00cdc97\" data-element_type=\"column\">\n\t\t\t<div class=\"elementor-widget-wrap elementor-element-populated\">\n\t\t\t\t\t\t<div class=\"elementor-element elementor-element-cc08e09 elementor-widget elementor-widget-elementskit-heading\" data-id=\"cc08e09\" data-element_type=\"widget\" data-settings=\"{&quot;ekit_we_effect_on&quot;:&quot;none&quot;}\" data-widget_type=\"elementskit-heading.default\">\n\t\t\t\t<div class=\"elementor-widget-container\">\n\t\t\t\t\t<div class=\"ekit-wid-con\" ><div class=\"ekit-heading elementskit-section-title-wraper text_center   ekit_heading_tablet-text_center   ekit_heading_mobile-\"><h1 class=\"ekit-heading--title elementskit-section-title\">Repair of Instrument Charts<\/h1><\/div><\/div>\t\t\t\t<\/div>\n\t\t\t\t<\/div>\n\t\t\t\t<div class=\"elementor-element elementor-element-e313ea5 elementor-widget elementor-widget-text-editor\" data-id=\"e313ea5\" data-element_type=\"widget\" data-settings=\"{&quot;ekit_we_effect_on&quot;:&quot;none&quot;}\" data-widget_type=\"text-editor.default\">\n\t\t\t\t<div class=\"elementor-widget-container\">\n\t\t\t\t\t\t\t\t\t<p><a href=\"#\">Home<\/a> &gt;<a href=\"#\"> Services<\/a> &gt; Repair of Instrument Charts<\/p>\t\t\t\t\t\t\t\t<\/div>\n\t\t\t\t<\/div>\n\t\t\t\t\t<\/div>\n\t\t<\/div>\n\t\t\t\t\t<\/div>\n\t\t<\/section>\n\t\t\t\t<section class=\"elementor-section elementor-top-section elementor-element elementor-element-a459bb7 elementor-section-boxed elementor-section-height-default elementor-section-height-default\" data-id=\"a459bb7\" data-element_type=\"section\" data-settings=\"{&quot;ekit_has_onepagescroll_dot&quot;:&quot;yes&quot;}\">\n\t\t\t\t\t\t<div class=\"elementor-container elementor-column-gap-default\">\n\t\t\t\t\t<div class=\"elementor-column elementor-col-50 elementor-top-column elementor-element elementor-element-e879236\" data-id=\"e879236\" data-element_type=\"column\">\n\t\t\t<div class=\"elementor-widget-wrap elementor-element-populated\">\n\t\t\t\t\t\t<div class=\"elementor-element elementor-element-b05c7ff elementor-hidden-tablet elementor-hidden-mobile elementor-widget elementor-widget-image\" data-id=\"b05c7ff\" data-element_type=\"widget\" data-settings=\"{&quot;ekit_we_effect_on&quot;:&quot;none&quot;}\" data-widget_type=\"image.default\">\n\t\t\t\t<div class=\"elementor-widget-container\">\n\t\t\t\t\t\t\t\t\t\t\t\t\t\t\t<img fetchpriority=\"high\" decoding=\"async\" width=\"690\" height=\"460\" src=\"https:\/\/www.olloniegomotor.es\/wp-content\/uploads\/2023\/10\/cuadro.jpg\" class=\"attachment-full size-full wp-image-92\" alt=\"\" srcset=\"https:\/\/www.olloniegomotor.es\/wp-content\/uploads\/2023\/10\/cuadro.jpg 690w, https:\/\/www.olloniegomotor.es\/wp-content\/uploads\/2023\/10\/cuadro-300x200.jpg 300w\" sizes=\"(max-width: 690px) 100vw, 690px\" \/>\t\t\t\t\t\t\t\t\t\t\t\t\t\t\t<\/div>\n\t\t\t\t<\/div>\n\t\t\t\t<div class=\"elementor-element elementor-element-0efc4ea elementor-widget elementor-widget-text-editor\" data-id=\"0efc4ea\" data-element_type=\"widget\" data-settings=\"{&quot;ekit_we_effect_on&quot;:&quot;none&quot;}\" data-widget_type=\"text-editor.default\">\n\t\t\t\t<div class=\"elementor-widget-container\">\n\t\t\t\t\t\t\t\t\t<p>In Olloniego Engine Center, we understand that the dashboard of your vehicle is the window to its functioning and performance. If you have experienced problems with this essential component, you are in the right place. Our dedication to excellence is reflected in our ability to address and solve problems of your instrument panel.<\/p>\t\t\t\t\t\t\t\t<\/div>\n\t\t\t\t<\/div>\n\t\t\t\t<section class=\"elementor-section elementor-inner-section elementor-element elementor-element-684059a elementor-section-boxed elementor-section-height-default elementor-section-height-default\" data-id=\"684059a\" data-element_type=\"section\" data-settings=\"{&quot;ekit_has_onepagescroll_dot&quot;:&quot;yes&quot;}\">\n\t\t\t\t\t\t<div class=\"elementor-container elementor-column-gap-default\">\n\t\t\t\t\t<div class=\"elementor-column elementor-col-50 elementor-inner-column elementor-element elementor-element-80ccb7c\" data-id=\"80ccb7c\" data-element_type=\"column\">\n\t\t\t<div class=\"elementor-widget-wrap elementor-element-populated\">\n\t\t\t\t\t\t<div class=\"elementor-element elementor-element-6dc8a90 elementor-widget elementor-widget-image\" data-id=\"6dc8a90\" data-element_type=\"widget\" data-settings=\"{&quot;ekit_we_effect_on&quot;:&quot;none&quot;}\" data-widget_type=\"image.default\">\n\t\t\t\t<div class=\"elementor-widget-container\">\n\t\t\t\t\t\t\t\t\t\t\t\t\t\t\t<img decoding=\"async\" width=\"359\" height=\"460\" src=\"https:\/\/www.olloniegomotor.es\/wp-content\/uploads\/2023\/10\/04.jpg\" class=\"attachment-large size-large wp-image-172\" alt=\"\" srcset=\"https:\/\/www.olloniegomotor.es\/wp-content\/uploads\/2023\/10\/04.jpg 359w, https:\/\/www.olloniegomotor.es\/wp-content\/uploads\/2023\/10\/04-234x300.jpg 234w\" sizes=\"(max-width: 359px) 100vw, 359px\" \/>\t\t\t\t\t\t\t\t\t\t\t\t\t\t\t<\/div>\n\t\t\t\t<\/div>\n\t\t\t\t\t<\/div>\n\t\t<\/div>\n\t\t\t\t<div class=\"elementor-column elementor-col-50 elementor-inner-column elementor-element elementor-element-f570ca3\" data-id=\"f570ca3\" data-element_type=\"column\">\n\t\t\t<div class=\"elementor-widget-wrap elementor-element-populated\">\n\t\t\t\t\t\t<div class=\"elementor-element elementor-element-427cf1b elementor-widget elementor-widget-text-editor\" data-id=\"427cf1b\" data-element_type=\"widget\" data-settings=\"{&quot;ekit_we_effect_on&quot;:&quot;none&quot;}\" data-widget_type=\"text-editor.default\">\n\t\t\t\t<div class=\"elementor-widget-container\">\n\t\t\t\t\t\t\t\t\t<p><strong>Restoration of the Functionality:<\/strong> Our team of highly trained technicians, specializes in the restoration of the functionality of the boxes tools. Whether it is the problem of inaccurate reading, indicator lights that do not function or display issues, we are prepared to diagnose and troubleshoot any inconvenience.<\/p><p><strong>Accurate Diagnosis:<\/strong> We begin each service with an accurate diagnosis and detailed. We use advanced diagnostic tools to identify the source of the problems in your dashboard. Our thoroughness ensures that you do not overlook any detail, and that the problem is resolved efficiently.<\/p><p><strong>Professional Repair:<\/strong> Once you&#039;ve identified the problem, we are committed to make the necessary repairs with the utmost professionalism and attention to detail. We use high-quality components and advanced techniques to ensure that your dashboard to function optimally.<\/p><p><strong>Preventive Maintenance:<\/strong> In addition to addressing existing problems, we also offer preventive maintenance services to ensure that your instrument cluster to continue running without any problems in the future. Our focus on prevention is key to keep your vehicle in perfect condition.<\/p>\t\t\t\t\t\t\t\t<\/div>\n\t\t\t\t<\/div>\n\t\t\t\t\t<\/div>\n\t\t<\/div>\n\t\t\t\t\t<\/div>\n\t\t<\/section>\n\t\t\t\t<section class=\"elementor-section elementor-inner-section elementor-element elementor-element-6060056 elementor-section-boxed elementor-section-height-default elementor-section-height-default\" data-id=\"6060056\" data-element_type=\"section\" data-settings=\"{&quot;ekit_has_onepagescroll_dot&quot;:&quot;yes&quot;}\">\n\t\t\t\t\t\t<div class=\"elementor-container elementor-column-gap-default\">\n\t\t\t\t\t<div class=\"elementor-column elementor-col-100 elementor-inner-column elementor-element elementor-element-83692a6\" data-id=\"83692a6\" data-element_type=\"column\">\n\t\t\t<div class=\"elementor-widget-wrap elementor-element-populated\">\n\t\t\t\t\t\t<div class=\"elementor-element elementor-element-3b6eb6a elementor-widget__width-initial elementor-widget elementor-widget-text-editor\" data-id=\"3b6eb6a\" data-element_type=\"widget\" data-settings=\"{&quot;ekit_we_effect_on&quot;:&quot;none&quot;}\" data-widget_type=\"text-editor.default\">\n\t\t\t\t<div class=\"elementor-widget-container\">\n\t\t\t\t\t\t\t\t\t<p>Trust in us to recover the control and functionality of your dashboard. In Olloniego Engine Center, we are committed to keeping your vehicle at its best and ensure that you have a driving experience safely and without problems. Your satisfaction is our priority.<\/p>\t\t\t\t\t\t\t\t<\/div>\n\t\t\t\t<\/div>\n\t\t\t\t\t<\/div>\n\t\t<\/div>\n\t\t\t\t\t<\/div>\n\t\t<\/section>\n\t\t\t\t\t<\/div>\n\t\t<\/div>\n\t\t\t\t<div class=\"elementor-column elementor-col-50 elementor-top-column elementor-element elementor-element-3d36af0\" data-id=\"3d36af0\" data-element_type=\"column\">\n\t\t\t<div class=\"elementor-widget-wrap elementor-element-populated\">\n\t\t\t\t\t\t<section class=\"elementor-section elementor-inner-section elementor-element elementor-element-0c3b981 elementor-section-boxed elementor-section-height-default elementor-section-height-default\" data-id=\"0c3b981\" data-element_type=\"section\" data-settings=\"{&quot;ekit_has_onepagescroll_dot&quot;:&quot;yes&quot;}\">\n\t\t\t\t\t\t<div class=\"elementor-container elementor-column-gap-default\">\n\t\t\t\t\t<div class=\"elementor-column elementor-col-100 elementor-inner-column elementor-element elementor-element-b06e170\" data-id=\"b06e170\" data-element_type=\"column\" data-settings=\"{&quot;background_background&quot;:&quot;classic&quot;}\">\n\t\t\t<div class=\"elementor-widget-wrap elementor-element-populated\">\n\t\t\t\t\t\t<div class=\"elementor-element elementor-element-5e466dc elementor-widget elementor-widget-heading\" data-id=\"5e466dc\" data-element_type=\"widget\" data-settings=\"{&quot;ekit_we_effect_on&quot;:&quot;none&quot;}\" data-widget_type=\"heading.default\">\n\t\t\t\t<div class=\"elementor-widget-container\">\n\t\t\t\t\t<h4 class=\"elementor-heading-title elementor-size-default\">Other services<\/h4>\t\t\t\t<\/div>\n\t\t\t\t<\/div>\n\t\t\t\t<div class=\"elementor-element elementor-element-5888b56 elementor-icon-list--layout-traditional elementor-list-item-link-full_width elementor-widget elementor-widget-icon-list\" data-id=\"5888b56\" data-element_type=\"widget\" data-settings=\"{&quot;ekit_we_effect_on&quot;:&quot;none&quot;}\" data-widget_type=\"icon-list.default\">\n\t\t\t\t<div class=\"elementor-widget-container\">\n\t\t\t\t\t\t\t<ul class=\"elementor-icon-list-items\">\n\t\t\t\t\t\t\t<li class=\"elementor-icon-list-item\">\n\t\t\t\t\t\t\t\t\t\t\t<a href=\"https:\/\/www.olloniegomotor.es\/en\/soluciones-electronicas-avanzadas\/\">\n\n\t\t\t\t\t\t\t\t\t\t\t<span class=\"elementor-icon-list-text\">Electronic Solutions <br>Advanced<\/span>\n\t\t\t\t\t\t\t\t\t\t\t<\/a>\n\t\t\t\t\t\t\t\t\t<\/li>\n\t\t\t\t\t\t<\/ul>\n\t\t\t\t\t\t<\/div>\n\t\t\t\t<\/div>\n\t\t\t\t<div class=\"elementor-element elementor-element-87463f0 elementor-icon-list--layout-traditional elementor-list-item-link-full_width elementor-widget elementor-widget-icon-list\" data-id=\"87463f0\" data-element_type=\"widget\" data-settings=\"{&quot;ekit_we_effect_on&quot;:&quot;none&quot;}\" data-widget_type=\"icon-list.default\">\n\t\t\t\t<div class=\"elementor-widget-container\">\n\t\t\t\t\t\t\t<ul class=\"elementor-icon-list-items\">\n\t\t\t\t\t\t\t<li class=\"elementor-icon-list-item\">\n\t\t\t\t\t\t\t\t\t\t\t<a href=\"https:\/\/www.olloniegomotor.es\/en\/reparacion-de-cuadros-de-instrumentos\/\">\n\n\t\t\t\t\t\t\t\t\t\t\t<span class=\"elementor-icon-list-text\">Diagnosis, Repair And Programming BMW<\/span>\n\t\t\t\t\t\t\t\t\t\t\t<\/a>\n\t\t\t\t\t\t\t\t\t<\/li>\n\t\t\t\t\t\t<\/ul>\n\t\t\t\t\t\t<\/div>\n\t\t\t\t<\/div>\n\t\t\t\t<div class=\"elementor-element elementor-element-dc7dd40 elementor-icon-list--layout-traditional elementor-list-item-link-full_width elementor-widget elementor-widget-icon-list\" data-id=\"dc7dd40\" data-element_type=\"widget\" data-settings=\"{&quot;ekit_we_effect_on&quot;:&quot;none&quot;}\" data-widget_type=\"icon-list.default\">\n\t\t\t\t<div class=\"elementor-widget-container\">\n\t\t\t\t\t\t\t<ul class=\"elementor-icon-list-items\">\n\t\t\t\t\t\t\t<li class=\"elementor-icon-list-item\">\n\t\t\t\t\t\t\t\t\t\t\t<a href=\"https:\/\/www.olloniegomotor.es\/en\/reparacion-de-cuadros-de-instrumentos\/\">\n\n\t\t\t\t\t\t\t\t\t\t\t<span class=\"elementor-icon-list-text\">Repair of Instrument Charts<\/span>\n\t\t\t\t\t\t\t\t\t\t\t<\/a>\n\t\t\t\t\t\t\t\t\t<\/li>\n\t\t\t\t\t\t<\/ul>\n\t\t\t\t\t\t<\/div>\n\t\t\t\t<\/div>\n\t\t\t\t<div class=\"elementor-element elementor-element-272f82f elementor-icon-list--layout-traditional elementor-list-item-link-full_width elementor-widget elementor-widget-icon-list\" data-id=\"272f82f\" data-element_type=\"widget\" data-settings=\"{&quot;ekit_we_effect_on&quot;:&quot;none&quot;}\" data-widget_type=\"icon-list.default\">\n\t\t\t\t<div class=\"elementor-widget-container\">\n\t\t\t\t\t\t\t<ul class=\"elementor-icon-list-items\">\n\t\t\t\t\t\t\t<li class=\"elementor-icon-list-item\">\n\t\t\t\t\t\t\t\t\t\t\t<a href=\"https:\/\/www.olloniegomotor.es\/en\/mantenimiento-de-flotas\/\">\n\n\t\t\t\t\t\t\t\t\t\t\t<span class=\"elementor-icon-list-text\">Maintenance<br>Fleet<\/span>\n\t\t\t\t\t\t\t\t\t\t\t<\/a>\n\t\t\t\t\t\t\t\t\t<\/li>\n\t\t\t\t\t\t<\/ul>\n\t\t\t\t\t\t<\/div>\n\t\t\t\t<\/div>\n\t\t\t\t<div class=\"elementor-element elementor-element-7597391 elementor-icon-list--layout-traditional elementor-list-item-link-full_width elementor-widget elementor-widget-icon-list\" data-id=\"7597391\" data-element_type=\"widget\" data-settings=\"{&quot;ekit_we_effect_on&quot;:&quot;none&quot;}\" data-widget_type=\"icon-list.default\">\n\t\t\t\t<div class=\"elementor-widget-container\">\n\t\t\t\t\t\t\t<ul class=\"elementor-icon-list-items\">\n\t\t\t\t\t\t\t<li class=\"elementor-icon-list-item\">\n\t\t\t\t\t\t\t\t\t\t\t<a href=\"https:\/\/www.olloniegomotor.es\/en\/neumaticos-y-alineaciones\/\">\n\n\t\t\t\t\t\t\t\t\t\t\t<span class=\"elementor-icon-list-text\">Tires <br>and Alignments<\/span>\n\t\t\t\t\t\t\t\t\t\t\t<\/a>\n\t\t\t\t\t\t\t\t\t<\/li>\n\t\t\t\t\t\t<\/ul>\n\t\t\t\t\t\t<\/div>\n\t\t\t\t<\/div>\n\t\t\t\t\t<\/div>\n\t\t<\/div>\n\t\t\t\t\t<\/div>\n\t\t<\/section>\n\t\t\t\t<section class=\"elementor-section elementor-inner-section elementor-element elementor-element-c410333 elementor-section-boxed elementor-section-height-default elementor-section-height-default\" data-id=\"c410333\" data-element_type=\"section\" data-settings=\"{&quot;ekit_has_onepagescroll_dot&quot;:&quot;yes&quot;}\">\n\t\t\t\t\t\t<div class=\"elementor-container elementor-column-gap-default\">\n\t\t\t\t\t<div class=\"elementor-column elementor-col-100 elementor-inner-column elementor-element elementor-element-8780c96\" data-id=\"8780c96\" data-element_type=\"column\" data-settings=\"{&quot;background_background&quot;:&quot;classic&quot;}\">\n\t\t\t<div class=\"elementor-widget-wrap elementor-element-populated\">\n\t\t\t\t\t<div class=\"elementor-background-overlay\"><\/div>\n\t\t\t\t\t\t<div class=\"elementor-element elementor-element-7cee9a7 elementor-widget elementor-widget-spacer\" data-id=\"7cee9a7\" data-element_type=\"widget\" data-settings=\"{&quot;ekit_we_effect_on&quot;:&quot;none&quot;}\" data-widget_type=\"spacer.default\">\n\t\t\t\t<div class=\"elementor-widget-container\">\n\t\t\t\t\t\t\t<div class=\"elementor-spacer\">\n\t\t\t<div class=\"elementor-spacer-inner\"><\/div>\n\t\t<\/div>\n\t\t\t\t\t\t<\/div>\n\t\t\t\t<\/div>\n\t\t\t\t<div class=\"elementor-element elementor-element-c65b427 elementor-widget elementor-widget-elementskit-heading\" data-id=\"c65b427\" data-element_type=\"widget\" data-settings=\"{&quot;ekit_we_effect_on&quot;:&quot;none&quot;}\" data-widget_type=\"elementskit-heading.default\">\n\t\t\t\t<div class=\"elementor-widget-container\">\n\t\t\t\t\t<div class=\"ekit-wid-con\" ><div class=\"ekit-heading elementskit-section-title-wraper text_center   ekit_heading_tablet-text_center   ekit_heading_mobile-\"><h3 class=\"ekit-heading--title elementskit-section-title\">Contact us<br> <span><span>663782922<\/span><\/span><\/h3><\/div><\/div>\t\t\t\t<\/div>\n\t\t\t\t<\/div>\n\t\t\t\t<div class=\"elementor-element elementor-element-56db5bd elementor-widget elementor-widget-spacer\" data-id=\"56db5bd\" data-element_type=\"widget\" data-settings=\"{&quot;ekit_we_effect_on&quot;:&quot;none&quot;}\" data-widget_type=\"spacer.default\">\n\t\t\t\t<div class=\"elementor-widget-container\">\n\t\t\t\t\t\t\t<div class=\"elementor-spacer\">\n\t\t\t<div class=\"elementor-spacer-inner\"><\/div>\n\t\t<\/div>\n\t\t\t\t\t\t<\/div>\n\t\t\t\t<\/div>\n\t\t\t\t\t<\/div>\n\t\t<\/div>\n\t\t\t\t\t<\/div>\n\t\t<\/section>\n\t\t\t\t\t<\/div>\n\t\t<\/div>\n\t\t\t\t\t<\/div>\n\t\t<\/section>\n\t\t\t\t<\/div>","protected":false},"excerpt":{"rendered":"<p>Reparaci\u00f3n de Cuadros de Instrumentos Inicio &gt; Servicios &gt; Reparaci\u00f3n de Cuadros de Instrumentos En Olloniego Motor Center, entendemos que el cuadro de instrumentos de tu veh\u00edculo es la ventana a su funcionamiento y rendimiento. Si has experimentado problemas con este componente esencial, est\u00e1s en el lugar adecuado. Nuestra dedicaci\u00f3n a la excelencia se refleja [&hellip;]<\/p>","protected":false},"author":1,"featured_media":0,"parent":0,"menu_order":0,"comment_status":"closed","ping_status":"closed","template":"elementor_header_footer","meta":{"footnotes":""},"class_list":["post-170","page","type-page","status-publish","hentry"],"yoast_head":"<!-- This site is optimized with the Yoast SEO plugin v24.4 - https:\/\/yoast.com\/wordpress\/plugins\/seo\/ -->\n<title>Reparaci\u00f3n de Cuadros de Instrumentos - Olloniego Motor Center<\/title>\n<meta name=\"robots\" content=\"index, follow, max-snippet:-1, max-image-preview:large, max-video-preview:-1\" \/>\n<link rel=\"canonical\" href=\"https:\/\/www.olloniegomotor.es\/en\/reparacion-de-cuadros-de-instrumentos\/\" \/>\n<meta property=\"og:locale\" content=\"en_US\" \/>\n<meta property=\"og:type\" content=\"article\" \/>\n<meta property=\"og:title\" content=\"Reparaci\u00f3n de Cuadros de Instrumentos - Olloniego Motor Center\" \/>\n<meta property=\"og:description\" content=\"Reparaci\u00f3n de Cuadros de Instrumentos Inicio &gt; Servicios &gt; Reparaci\u00f3n de Cuadros de Instrumentos En Olloniego Motor Center, entendemos que el cuadro de instrumentos de tu veh\u00edculo es la ventana a su funcionamiento y rendimiento. Si has experimentado problemas con este componente esencial, est\u00e1s en el lugar adecuado. Nuestra dedicaci\u00f3n a la excelencia se refleja [&hellip;]\" \/>\n<meta property=\"og:url\" content=\"https:\/\/www.olloniegomotor.es\/en\/reparacion-de-cuadros-de-instrumentos\/\" \/>\n<meta property=\"og:site_name\" content=\"Olloniego Motor Center\" \/>\n<meta property=\"article:modified_time\" content=\"2024-07-01T20:01:11+00:00\" \/>\n<meta property=\"og:image\" content=\"https:\/\/www.olloniegomotor.es\/wp-content\/uploads\/2023\/10\/cuadro.jpg\" \/>\n<meta name=\"twitter:card\" content=\"summary_large_image\" \/>\n<meta name=\"twitter:label1\" content=\"Est. reading time\" \/>\n\t<meta name=\"twitter:data1\" content=\"2 minutes\" \/>\n<script type=\"application\/ld+json\" class=\"yoast-schema-graph\">{\"@context\":\"https:\/\/schema.org\",\"@graph\":[{\"@type\":\"WebPage\",\"@id\":\"https:\/\/www.olloniegomotor.es\/reparacion-de-cuadros-de-instrumentos\/\",\"url\":\"https:\/\/www.olloniegomotor.es\/reparacion-de-cuadros-de-instrumentos\/\",\"name\":\"Reparaci\u00f3n de Cuadros de Instrumentos - Olloniego Motor Center\",\"isPartOf\":{\"@id\":\"https:\/\/www.olloniegomotor.es\/#website\"},\"primaryImageOfPage\":{\"@id\":\"https:\/\/www.olloniegomotor.es\/reparacion-de-cuadros-de-instrumentos\/#primaryimage\"},\"image\":{\"@id\":\"https:\/\/www.olloniegomotor.es\/reparacion-de-cuadros-de-instrumentos\/#primaryimage\"},\"thumbnailUrl\":\"https:\/\/www.olloniegomotor.es\/wp-content\/uploads\/2023\/10\/cuadro.jpg\",\"datePublished\":\"2023-10-31T21:27:25+00:00\",\"dateModified\":\"2024-07-01T20:01:11+00:00\",\"breadcrumb\":{\"@id\":\"https:\/\/www.olloniegomotor.es\/reparacion-de-cuadros-de-instrumentos\/#breadcrumb\"},\"inLanguage\":\"en-US\",\"potentialAction\":[{\"@type\":\"ReadAction\",\"target\":[\"https:\/\/www.olloniegomotor.es\/reparacion-de-cuadros-de-instrumentos\/\"]}]},{\"@type\":\"ImageObject\",\"inLanguage\":\"en-US\",\"@id\":\"https:\/\/www.olloniegomotor.es\/reparacion-de-cuadros-de-instrumentos\/#primaryimage\",\"url\":\"https:\/\/www.olloniegomotor.es\/wp-content\/uploads\/2023\/10\/cuadro.jpg\",\"contentUrl\":\"https:\/\/www.olloniegomotor.es\/wp-content\/uploads\/2023\/10\/cuadro.jpg\"},{\"@type\":\"BreadcrumbList\",\"@id\":\"https:\/\/www.olloniegomotor.es\/reparacion-de-cuadros-de-instrumentos\/#breadcrumb\",\"itemListElement\":[{\"@type\":\"ListItem\",\"position\":1,\"name\":\"Portada\",\"item\":\"https:\/\/www.olloniegomotor.es\/\"},{\"@type\":\"ListItem\",\"position\":2,\"name\":\"Reparaci\u00f3n de Cuadros de Instrumentos\"}]},{\"@type\":\"WebSite\",\"@id\":\"https:\/\/www.olloniegomotor.es\/#website\",\"url\":\"https:\/\/www.olloniegomotor.es\/\",\"name\":\"Olloniego Motor Center\",\"description\":\"M\u00e1s de 15 a\u00f1os de experiencia en la industria, especializados en marcas del Grupo BMW.\",\"potentialAction\":[{\"@type\":\"SearchAction\",\"target\":{\"@type\":\"EntryPoint\",\"urlTemplate\":\"https:\/\/www.olloniegomotor.es\/?s={search_term_string}\"},\"query-input\":{\"@type\":\"PropertyValueSpecification\",\"valueRequired\":true,\"valueName\":\"search_term_string\"}}],\"inLanguage\":\"en-US\"}]}<\/script>\n<!-- \/ Yoast SEO plugin. -->","yoast_head_json":{"title":"Reparaci\u00f3n de Cuadros de Instrumentos - Olloniego Motor Center","robots":{"index":"index","follow":"follow","max-snippet":"max-snippet:-1","max-image-preview":"max-image-preview:large","max-video-preview":"max-video-preview:-1"},"canonical":"https:\/\/www.olloniegomotor.es\/en\/reparacion-de-cuadros-de-instrumentos\/","og_locale":"en_US","og_type":"article","og_title":"Reparaci\u00f3n de Cuadros de Instrumentos - Olloniego Motor Center","og_description":"Reparaci\u00f3n de Cuadros de Instrumentos Inicio &gt; Servicios &gt; Reparaci\u00f3n de Cuadros de Instrumentos En Olloniego Motor Center, entendemos que el cuadro de instrumentos de tu veh\u00edculo es la ventana a su funcionamiento y rendimiento. Si has experimentado problemas con este componente esencial, est\u00e1s en el lugar adecuado. Nuestra dedicaci\u00f3n a la excelencia se refleja [&hellip;]","og_url":"https:\/\/www.olloniegomotor.es\/en\/reparacion-de-cuadros-de-instrumentos\/","og_site_name":"Olloniego Motor Center","article_modified_time":"2024-07-01T20:01:11+00:00","og_image":[{"url":"https:\/\/www.olloniegomotor.es\/wp-content\/uploads\/2023\/10\/cuadro.jpg","type":"","width":"","height":""}],"twitter_card":"summary_large_image","twitter_misc":{"Est. reading time":"2 minutes"},"schema":{"@context":"https:\/\/schema.org","@graph":[{"@type":"WebPage","@id":"https:\/\/www.olloniegomotor.es\/reparacion-de-cuadros-de-instrumentos\/","url":"https:\/\/www.olloniegomotor.es\/reparacion-de-cuadros-de-instrumentos\/","name":"Reparaci\u00f3n de Cuadros de Instrumentos - Olloniego Motor Center","isPartOf":{"@id":"https:\/\/www.olloniegomotor.es\/#website"},"primaryImageOfPage":{"@id":"https:\/\/www.olloniegomotor.es\/reparacion-de-cuadros-de-instrumentos\/#primaryimage"},"image":{"@id":"https:\/\/www.olloniegomotor.es\/reparacion-de-cuadros-de-instrumentos\/#primaryimage"},"thumbnailUrl":"https:\/\/www.olloniegomotor.es\/wp-content\/uploads\/2023\/10\/cuadro.jpg","datePublished":"2023-10-31T21:27:25+00:00","dateModified":"2024-07-01T20:01:11+00:00","breadcrumb":{"@id":"https:\/\/www.olloniegomotor.es\/reparacion-de-cuadros-de-instrumentos\/#breadcrumb"},"inLanguage":"en-US","potentialAction":[{"@type":"ReadAction","target":["https:\/\/www.olloniegomotor.es\/reparacion-de-cuadros-de-instrumentos\/"]}]},{"@type":"ImageObject","inLanguage":"en-US","@id":"https:\/\/www.olloniegomotor.es\/reparacion-de-cuadros-de-instrumentos\/#primaryimage","url":"https:\/\/www.olloniegomotor.es\/wp-content\/uploads\/2023\/10\/cuadro.jpg","contentUrl":"https:\/\/www.olloniegomotor.es\/wp-content\/uploads\/2023\/10\/cuadro.jpg"},{"@type":"BreadcrumbList","@id":"https:\/\/www.olloniegomotor.es\/reparacion-de-cuadros-de-instrumentos\/#breadcrumb","itemListElement":[{"@type":"ListItem","position":1,"name":"Portada","item":"https:\/\/www.olloniegomotor.es\/"},{"@type":"ListItem","position":2,"name":"Reparaci\u00f3n de Cuadros de Instrumentos"}]},{"@type":"WebSite","@id":"https:\/\/www.olloniegomotor.es\/#website","url":"https:\/\/www.olloniegomotor.es\/","name":"Olloniego Motor Center","description":"M\u00e1s de 15 a\u00f1os de experiencia en la industria, especializados en marcas del Grupo BMW.","potentialAction":[{"@type":"SearchAction","target":{"@type":"EntryPoint","urlTemplate":"https:\/\/www.olloniegomotor.es\/?s={search_term_string}"},"query-input":{"@type":"PropertyValueSpecification","valueRequired":true,"valueName":"search_term_string"}}],"inLanguage":"en-US"}]}},"_links":{"self":[{"href":"https:\/\/www.olloniegomotor.es\/en\/wp-json\/wp\/v2\/pages\/170","targetHints":{"allow":["GET"]}}],"collection":[{"href":"https:\/\/www.olloniegomotor.es\/en\/wp-json\/wp\/v2\/pages"}],"about":[{"href":"https:\/\/www.olloniegomotor.es\/en\/wp-json\/wp\/v2\/types\/page"}],"author":[{"embeddable":true,"href":"https:\/\/www.olloniegomotor.es\/en\/wp-json\/wp\/v2\/users\/1"}],"replies":[{"embeddable":true,"href":"https:\/\/www.olloniegomotor.es\/en\/wp-json\/wp\/v2\/comments?post=170"}],"version-history":[{"count":19,"href":"https:\/\/www.olloniegomotor.es\/en\/wp-json\/wp\/v2\/pages\/170\/revisions"}],"predecessor-version":[{"id":648,"href":"https:\/\/www.olloniegomotor.es\/en\/wp-json\/wp\/v2\/pages\/170\/revisions\/648"}],"wp:attachment":[{"href":"https:\/\/www.olloniegomotor.es\/en\/wp-json\/wp\/v2\/media?parent=170"}],"curies":[{"name":"wp","href":"https:\/\/api.w.org\/{rel}","templated":true}]}}