{"id":162,"date":"2023-10-31T22:18:25","date_gmt":"2023-10-31T21:18:25","guid":{"rendered":"https:\/\/www.olloniegomotor.es\/?page_id=162"},"modified":"2024-07-08T16:27:42","modified_gmt":"2024-07-08T14:27:42","slug":"soluciones-electronicas-avanzadas","status":"publish","type":"page","link":"https:\/\/www.olloniegomotor.es\/en\/soluciones-electronicas-avanzadas\/","title":{"rendered":"Electronic Solutions Advanced"},"content":{"rendered":"<div data-elementor-type=\"wp-page\" data-elementor-id=\"162\" class=\"elementor elementor-162\" data-elementor-post-type=\"page\">\n\t\t\t\t\t\t<section class=\"elementor-section elementor-top-section elementor-element elementor-element-82935d2 elementor-section-height-min-height elementor-section-boxed elementor-section-height-default elementor-section-items-middle\" data-id=\"82935d2\" data-element_type=\"section\" data-settings=\"{&quot;background_background&quot;:&quot;classic&quot;,&quot;ekit_has_onepagescroll_dot&quot;:&quot;yes&quot;}\">\n\t\t\t\t\t\t\t<div class=\"elementor-background-overlay\"><\/div>\n\t\t\t\t\t\t\t<div class=\"elementor-container elementor-column-gap-default\">\n\t\t\t\t\t<div class=\"elementor-column elementor-col-100 elementor-top-column elementor-element elementor-element-00cdc97\" data-id=\"00cdc97\" data-element_type=\"column\">\n\t\t\t<div class=\"elementor-widget-wrap elementor-element-populated\">\n\t\t\t\t\t\t<div class=\"elementor-element elementor-element-cc08e09 elementor-widget elementor-widget-elementskit-heading\" data-id=\"cc08e09\" data-element_type=\"widget\" data-settings=\"{&quot;ekit_we_effect_on&quot;:&quot;none&quot;}\" data-widget_type=\"elementskit-heading.default\">\n\t\t\t\t<div class=\"elementor-widget-container\">\n\t\t\t\t\t<div class=\"ekit-wid-con\" ><div class=\"ekit-heading elementskit-section-title-wraper text_center   ekit_heading_tablet-text_center   ekit_heading_mobile-\"><h1 class=\"ekit-heading--title elementskit-section-title\">Electronic Solutions Advanced<\/h1><\/div><\/div>\t\t\t\t<\/div>\n\t\t\t\t<\/div>\n\t\t\t\t<div class=\"elementor-element elementor-element-e313ea5 elementor-widget elementor-widget-text-editor\" data-id=\"e313ea5\" data-element_type=\"widget\" data-settings=\"{&quot;ekit_we_effect_on&quot;:&quot;none&quot;}\" data-widget_type=\"text-editor.default\">\n\t\t\t\t<div class=\"elementor-widget-container\">\n\t\t\t\t\t\t\t\t\t<p><a href=\"#\">Home<\/a> &gt;<a href=\"#\"> Services<\/a> &gt; Electronic Solutions Advanced<\/p>\t\t\t\t\t\t\t\t<\/div>\n\t\t\t\t<\/div>\n\t\t\t\t\t<\/div>\n\t\t<\/div>\n\t\t\t\t\t<\/div>\n\t\t<\/section>\n\t\t\t\t<section class=\"elementor-section elementor-top-section elementor-element elementor-element-a459bb7 elementor-section-boxed elementor-section-height-default elementor-section-height-default\" data-id=\"a459bb7\" data-element_type=\"section\" data-settings=\"{&quot;ekit_has_onepagescroll_dot&quot;:&quot;yes&quot;}\">\n\t\t\t\t\t\t<div class=\"elementor-container elementor-column-gap-default\">\n\t\t\t\t\t<div class=\"elementor-column elementor-col-50 elementor-top-column elementor-element elementor-element-e879236\" data-id=\"e879236\" data-element_type=\"column\">\n\t\t\t<div class=\"elementor-widget-wrap elementor-element-populated\">\n\t\t\t\t\t\t<div class=\"elementor-element elementor-element-b05c7ff elementor-hidden-tablet elementor-hidden-mobile elementor-widget elementor-widget-image\" data-id=\"b05c7ff\" data-element_type=\"widget\" data-settings=\"{&quot;ekit_we_effect_on&quot;:&quot;none&quot;}\" data-widget_type=\"image.default\">\n\t\t\t\t<div class=\"elementor-widget-container\">\n\t\t\t\t\t\t\t\t\t\t\t\t\t\t\t<img fetchpriority=\"high\" decoding=\"async\" width=\"690\" height=\"460\" src=\"https:\/\/www.olloniegomotor.es\/wp-content\/uploads\/2023\/10\/compu-1.jpg\" class=\"attachment-full size-full wp-image-96\" alt=\"\" srcset=\"https:\/\/www.olloniegomotor.es\/wp-content\/uploads\/2023\/10\/compu-1.jpg 690w, https:\/\/www.olloniegomotor.es\/wp-content\/uploads\/2023\/10\/compu-1-300x200.jpg 300w\" sizes=\"(max-width: 690px) 100vw, 690px\" \/>\t\t\t\t\t\t\t\t\t\t\t\t\t\t\t<\/div>\n\t\t\t\t<\/div>\n\t\t\t\t<div class=\"elementor-element elementor-element-0efc4ea elementor-widget elementor-widget-text-editor\" data-id=\"0efc4ea\" data-element_type=\"widget\" data-settings=\"{&quot;ekit_we_effect_on&quot;:&quot;none&quot;}\" data-widget_type=\"text-editor.default\">\n\t\t\t\t<div class=\"elementor-widget-container\">\n\t\t\t\t\t\t\t\t\t<p>In Olloniego Engine Center, we are committed to take your racing experience to the next level through our electronic solutions advanced. Our focus on innovation and technology translates into a set of services designed to improve the performance and efficiency of your vehicle, regardless of the brand.<\/p>\t\t\t\t\t\t\t\t<\/div>\n\t\t\t\t<\/div>\n\t\t\t\t<section class=\"elementor-section elementor-inner-section elementor-element elementor-element-684059a elementor-section-boxed elementor-section-height-default elementor-section-height-default\" data-id=\"684059a\" data-element_type=\"section\" data-settings=\"{&quot;ekit_has_onepagescroll_dot&quot;:&quot;yes&quot;}\">\n\t\t\t\t\t\t<div class=\"elementor-container elementor-column-gap-default\">\n\t\t\t\t\t<div class=\"elementor-column elementor-col-50 elementor-inner-column elementor-element elementor-element-80ccb7c\" data-id=\"80ccb7c\" data-element_type=\"column\">\n\t\t\t<div class=\"elementor-widget-wrap elementor-element-populated\">\n\t\t\t\t\t\t<div class=\"elementor-element elementor-element-6dc8a90 elementor-widget elementor-widget-image\" data-id=\"6dc8a90\" data-element_type=\"widget\" data-settings=\"{&quot;ekit_we_effect_on&quot;:&quot;none&quot;}\" data-widget_type=\"image.default\">\n\t\t\t\t<div class=\"elementor-widget-container\">\n\t\t\t\t\t\t\t\t\t\t\t\t\t\t\t<img decoding=\"async\" width=\"359\" height=\"460\" src=\"https:\/\/www.olloniegomotor.es\/wp-content\/uploads\/2023\/10\/03.jpg\" class=\"attachment-large size-large wp-image-166\" alt=\"\" srcset=\"https:\/\/www.olloniegomotor.es\/wp-content\/uploads\/2023\/10\/03.jpg 359w, https:\/\/www.olloniegomotor.es\/wp-content\/uploads\/2023\/10\/03-234x300.jpg 234w\" sizes=\"(max-width: 359px) 100vw, 359px\" \/>\t\t\t\t\t\t\t\t\t\t\t\t\t\t\t<\/div>\n\t\t\t\t<\/div>\n\t\t\t\t\t<\/div>\n\t\t<\/div>\n\t\t\t\t<div class=\"elementor-column elementor-col-50 elementor-inner-column elementor-element elementor-element-f570ca3\" data-id=\"f570ca3\" data-element_type=\"column\">\n\t\t\t<div class=\"elementor-widget-wrap elementor-element-populated\">\n\t\t\t\t\t\t<div class=\"elementor-element elementor-element-427cf1b elementor-widget__width-initial elementor-widget elementor-widget-text-editor\" data-id=\"427cf1b\" data-element_type=\"widget\" data-settings=\"{&quot;ekit_we_effect_on&quot;:&quot;none&quot;}\" data-widget_type=\"text-editor.default\">\n\t\t\t\t<div class=\"elementor-widget-container\">\n\t\t\t\t\t\t\t\t\t<p><strong>Reprogramming Custom:<\/strong> Our highly skilled technicians have the experience necessary to reprogram the electronic control unit (ECU) of your car. This not only allows you to optimize power and fuel consumption, but also improves the response of the engine and the driving experience in general.<\/p><p><strong>Diagn\u00f3stico y Reparaci\u00f3n Electr\u00f3nica:<\/strong> Reparaciones de Cuadros de Instrumentos: Los cuadros de instrumentos son esenciales para monitorear el rendimiento de tu veh\u00edculo. Nuestro equipo de expertos se especializa en la reparaci\u00f3n y mantenimiento de estas unidades electr\u00f3nicas, asegurando que funcionen de manera precisa y fiable, lo que contribuye a una experiencia de conducci\u00f3n segura y eficiente.<\/p><p><strong>Optimizaci\u00f3n de Sistemas Anticontaminaci\u00f3n:<\/strong> Abordamos sistemas avanzados como SCR, EGR y FAP con la misma atenci\u00f3n a los detalles y precisi\u00f3n que caracteriza a nuestro taller. Nos aseguramos de que estos sistemas funcionen de manera \u00f3ptima, lo que no solo mejora la seguridad, sino que tambi\u00e9n reduce el impacto ambiental.<\/p><p><strong>Performance improvement:<\/strong> Our electronic solutions advanced not only focus on the repair, but also in the improvement of the performance. If you want to take your car to a higher level in terms of power and efficiency, you are in the best hands.<\/p>\t\t\t\t\t\t\t\t<\/div>\n\t\t\t\t<\/div>\n\t\t\t\t\t<\/div>\n\t\t<\/div>\n\t\t\t\t\t<\/div>\n\t\t<\/section>\n\t\t\t\t<section class=\"elementor-section elementor-inner-section elementor-element elementor-element-6060056 elementor-section-boxed elementor-section-height-default elementor-section-height-default\" data-id=\"6060056\" data-element_type=\"section\" data-settings=\"{&quot;ekit_has_onepagescroll_dot&quot;:&quot;yes&quot;}\">\n\t\t\t\t\t\t<div class=\"elementor-container elementor-column-gap-default\">\n\t\t\t\t\t<div class=\"elementor-column elementor-col-100 elementor-inner-column elementor-element elementor-element-83692a6\" data-id=\"83692a6\" data-element_type=\"column\">\n\t\t\t<div class=\"elementor-widget-wrap elementor-element-populated\">\n\t\t\t\t\t\t<div class=\"elementor-element elementor-element-3b6eb6a elementor-widget__width-initial elementor-widget elementor-widget-text-editor\" data-id=\"3b6eb6a\" data-element_type=\"widget\" data-settings=\"{&quot;ekit_we_effect_on&quot;:&quot;none&quot;}\" data-widget_type=\"text-editor.default\">\n\t\t\t\t<div class=\"elementor-widget-container\">\n\t\t\t\t\t\t\t\t\t<p>In Olloniego Engine Center, we are committed to being at the forefront of electronic solutions for automotive to provide the best in technology and performance. Trust us to elevate the standard of your vehicle and give you a driving experience exceptional.<\/p>\t\t\t\t\t\t\t\t<\/div>\n\t\t\t\t<\/div>\n\t\t\t\t\t<\/div>\n\t\t<\/div>\n\t\t\t\t\t<\/div>\n\t\t<\/section>\n\t\t\t\t\t<\/div>\n\t\t<\/div>\n\t\t\t\t<div class=\"elementor-column elementor-col-50 elementor-top-column elementor-element elementor-element-3d36af0\" data-id=\"3d36af0\" data-element_type=\"column\">\n\t\t\t<div class=\"elementor-widget-wrap elementor-element-populated\">\n\t\t\t\t\t\t<section class=\"elementor-section elementor-inner-section elementor-element elementor-element-0c3b981 elementor-section-boxed elementor-section-height-default elementor-section-height-default\" data-id=\"0c3b981\" data-element_type=\"section\" data-settings=\"{&quot;ekit_has_onepagescroll_dot&quot;:&quot;yes&quot;}\">\n\t\t\t\t\t\t<div class=\"elementor-container elementor-column-gap-default\">\n\t\t\t\t\t<div class=\"elementor-column elementor-col-100 elementor-inner-column elementor-element elementor-element-b06e170\" data-id=\"b06e170\" data-element_type=\"column\" data-settings=\"{&quot;background_background&quot;:&quot;classic&quot;}\">\n\t\t\t<div class=\"elementor-widget-wrap elementor-element-populated\">\n\t\t\t\t\t\t<div class=\"elementor-element elementor-element-5e466dc elementor-widget elementor-widget-heading\" data-id=\"5e466dc\" data-element_type=\"widget\" data-settings=\"{&quot;ekit_we_effect_on&quot;:&quot;none&quot;}\" data-widget_type=\"heading.default\">\n\t\t\t\t<div class=\"elementor-widget-container\">\n\t\t\t\t\t<h4 class=\"elementor-heading-title elementor-size-default\">Other services<\/h4>\t\t\t\t<\/div>\n\t\t\t\t<\/div>\n\t\t\t\t<div class=\"elementor-element elementor-element-5888b56 elementor-icon-list--layout-traditional elementor-list-item-link-full_width elementor-widget elementor-widget-icon-list\" data-id=\"5888b56\" data-element_type=\"widget\" data-settings=\"{&quot;ekit_we_effect_on&quot;:&quot;none&quot;}\" data-widget_type=\"icon-list.default\">\n\t\t\t\t<div class=\"elementor-widget-container\">\n\t\t\t\t\t\t\t<ul class=\"elementor-icon-list-items\">\n\t\t\t\t\t\t\t<li class=\"elementor-icon-list-item\">\n\t\t\t\t\t\t\t\t\t\t\t<a href=\"https:\/\/www.olloniegomotor.es\/en\/soluciones-electronicas-avanzadas\/\">\n\n\t\t\t\t\t\t\t\t\t\t\t<span class=\"elementor-icon-list-text\">Electronic Solutions <br>Advanced<\/span>\n\t\t\t\t\t\t\t\t\t\t\t<\/a>\n\t\t\t\t\t\t\t\t\t<\/li>\n\t\t\t\t\t\t<\/ul>\n\t\t\t\t\t\t<\/div>\n\t\t\t\t<\/div>\n\t\t\t\t<div class=\"elementor-element elementor-element-87463f0 elementor-icon-list--layout-traditional elementor-list-item-link-full_width elementor-widget elementor-widget-icon-list\" data-id=\"87463f0\" data-element_type=\"widget\" data-settings=\"{&quot;ekit_we_effect_on&quot;:&quot;none&quot;}\" data-widget_type=\"icon-list.default\">\n\t\t\t\t<div class=\"elementor-widget-container\">\n\t\t\t\t\t\t\t<ul class=\"elementor-icon-list-items\">\n\t\t\t\t\t\t\t<li class=\"elementor-icon-list-item\">\n\t\t\t\t\t\t\t\t\t\t\t<a href=\"https:\/\/www.olloniegomotor.es\/en\/diagnosis-reparacion-y-programacion-bmw\/\">\n\n\t\t\t\t\t\t\t\t\t\t\t<span class=\"elementor-icon-list-text\">Diagnosis, Repair And Programming BMW<\/span>\n\t\t\t\t\t\t\t\t\t\t\t<\/a>\n\t\t\t\t\t\t\t\t\t<\/li>\n\t\t\t\t\t\t<\/ul>\n\t\t\t\t\t\t<\/div>\n\t\t\t\t<\/div>\n\t\t\t\t<div class=\"elementor-element elementor-element-dc7dd40 elementor-icon-list--layout-traditional elementor-list-item-link-full_width elementor-widget elementor-widget-icon-list\" data-id=\"dc7dd40\" data-element_type=\"widget\" data-settings=\"{&quot;ekit_we_effect_on&quot;:&quot;none&quot;}\" data-widget_type=\"icon-list.default\">\n\t\t\t\t<div class=\"elementor-widget-container\">\n\t\t\t\t\t\t\t<ul class=\"elementor-icon-list-items\">\n\t\t\t\t\t\t\t<li class=\"elementor-icon-list-item\">\n\t\t\t\t\t\t\t\t\t\t\t<a href=\"https:\/\/www.olloniegomotor.es\/en\/reparacion-de-cuadros-de-instrumentos\/\">\n\n\t\t\t\t\t\t\t\t\t\t\t<span class=\"elementor-icon-list-text\">Repair of Instrument Charts<\/span>\n\t\t\t\t\t\t\t\t\t\t\t<\/a>\n\t\t\t\t\t\t\t\t\t<\/li>\n\t\t\t\t\t\t<\/ul>\n\t\t\t\t\t\t<\/div>\n\t\t\t\t<\/div>\n\t\t\t\t<div class=\"elementor-element elementor-element-272f82f elementor-icon-list--layout-traditional elementor-list-item-link-full_width elementor-widget elementor-widget-icon-list\" data-id=\"272f82f\" data-element_type=\"widget\" data-settings=\"{&quot;ekit_we_effect_on&quot;:&quot;none&quot;}\" data-widget_type=\"icon-list.default\">\n\t\t\t\t<div class=\"elementor-widget-container\">\n\t\t\t\t\t\t\t<ul class=\"elementor-icon-list-items\">\n\t\t\t\t\t\t\t<li class=\"elementor-icon-list-item\">\n\t\t\t\t\t\t\t\t\t\t\t<a href=\"https:\/\/www.olloniegomotor.es\/en\/mantenimiento-de-flotas\/\">\n\n\t\t\t\t\t\t\t\t\t\t\t<span class=\"elementor-icon-list-text\">Maintenance<br>Fleet<\/span>\n\t\t\t\t\t\t\t\t\t\t\t<\/a>\n\t\t\t\t\t\t\t\t\t<\/li>\n\t\t\t\t\t\t<\/ul>\n\t\t\t\t\t\t<\/div>\n\t\t\t\t<\/div>\n\t\t\t\t<div class=\"elementor-element elementor-element-7597391 elementor-icon-list--layout-traditional elementor-list-item-link-full_width elementor-widget elementor-widget-icon-list\" data-id=\"7597391\" data-element_type=\"widget\" data-settings=\"{&quot;ekit_we_effect_on&quot;:&quot;none&quot;}\" data-widget_type=\"icon-list.default\">\n\t\t\t\t<div class=\"elementor-widget-container\">\n\t\t\t\t\t\t\t<ul class=\"elementor-icon-list-items\">\n\t\t\t\t\t\t\t<li class=\"elementor-icon-list-item\">\n\t\t\t\t\t\t\t\t\t\t\t<a href=\"https:\/\/www.olloniegomotor.es\/en\/neumaticos-y-alineaciones\/\">\n\n\t\t\t\t\t\t\t\t\t\t\t<span class=\"elementor-icon-list-text\">Tires <br>and Alignments<\/span>\n\t\t\t\t\t\t\t\t\t\t\t<\/a>\n\t\t\t\t\t\t\t\t\t<\/li>\n\t\t\t\t\t\t<\/ul>\n\t\t\t\t\t\t<\/div>\n\t\t\t\t<\/div>\n\t\t\t\t\t<\/div>\n\t\t<\/div>\n\t\t\t\t\t<\/div>\n\t\t<\/section>\n\t\t\t\t<section class=\"elementor-section elementor-inner-section elementor-element elementor-element-c410333 elementor-section-boxed elementor-section-height-default elementor-section-height-default\" data-id=\"c410333\" data-element_type=\"section\" data-settings=\"{&quot;ekit_has_onepagescroll_dot&quot;:&quot;yes&quot;}\">\n\t\t\t\t\t\t<div class=\"elementor-container elementor-column-gap-default\">\n\t\t\t\t\t<div class=\"elementor-column elementor-col-100 elementor-inner-column elementor-element elementor-element-8780c96\" data-id=\"8780c96\" data-element_type=\"column\" data-settings=\"{&quot;background_background&quot;:&quot;classic&quot;}\">\n\t\t\t<div class=\"elementor-widget-wrap elementor-element-populated\">\n\t\t\t\t\t<div class=\"elementor-background-overlay\"><\/div>\n\t\t\t\t\t\t<div class=\"elementor-element elementor-element-7cee9a7 elementor-widget elementor-widget-spacer\" data-id=\"7cee9a7\" data-element_type=\"widget\" data-settings=\"{&quot;ekit_we_effect_on&quot;:&quot;none&quot;}\" data-widget_type=\"spacer.default\">\n\t\t\t\t<div class=\"elementor-widget-container\">\n\t\t\t\t\t\t\t<div class=\"elementor-spacer\">\n\t\t\t<div class=\"elementor-spacer-inner\"><\/div>\n\t\t<\/div>\n\t\t\t\t\t\t<\/div>\n\t\t\t\t<\/div>\n\t\t\t\t<div class=\"elementor-element elementor-element-c65b427 elementor-widget elementor-widget-elementskit-heading\" data-id=\"c65b427\" data-element_type=\"widget\" data-settings=\"{&quot;ekit_we_effect_on&quot;:&quot;none&quot;}\" data-widget_type=\"elementskit-heading.default\">\n\t\t\t\t<div class=\"elementor-widget-container\">\n\t\t\t\t\t<div class=\"ekit-wid-con\" ><div class=\"ekit-heading elementskit-section-title-wraper text_center   ekit_heading_tablet-text_center   ekit_heading_mobile-\"><h3 class=\"ekit-heading--title elementskit-section-title\">Contact us<br> <span><span>663782922<\/span><\/span><\/h3><\/div><\/div>\t\t\t\t<\/div>\n\t\t\t\t<\/div>\n\t\t\t\t<div class=\"elementor-element elementor-element-56db5bd elementor-widget elementor-widget-spacer\" data-id=\"56db5bd\" data-element_type=\"widget\" data-settings=\"{&quot;ekit_we_effect_on&quot;:&quot;none&quot;}\" data-widget_type=\"spacer.default\">\n\t\t\t\t<div class=\"elementor-widget-container\">\n\t\t\t\t\t\t\t<div class=\"elementor-spacer\">\n\t\t\t<div class=\"elementor-spacer-inner\"><\/div>\n\t\t<\/div>\n\t\t\t\t\t\t<\/div>\n\t\t\t\t<\/div>\n\t\t\t\t\t<\/div>\n\t\t<\/div>\n\t\t\t\t\t<\/div>\n\t\t<\/section>\n\t\t\t\t\t<\/div>\n\t\t<\/div>\n\t\t\t\t\t<\/div>\n\t\t<\/section>\n\t\t\t\t<\/div>","protected":false},"excerpt":{"rendered":"<p>Soluciones Electr\u00f3nicas Avanzadas Inicio &gt; Servicios &gt; Soluciones Electr\u00f3nicas Avanzada En Olloniego Motor Center, estamos comprometidos a llevar tu experiencia automovil\u00edstica al siguiente nivel a trav\u00e9s de nuestras soluciones electr\u00f3nicas avanzadas. Nuestro enfoque en la innovaci\u00f3n y la tecnolog\u00eda se traduce en un conjunto de servicios dise\u00f1ados para mejorar el rendimiento y la eficiencia de [&hellip;]<\/p>","protected":false},"author":1,"featured_media":0,"parent":0,"menu_order":0,"comment_status":"closed","ping_status":"closed","template":"elementor_header_footer","meta":{"footnotes":""},"class_list":["post-162","page","type-page","status-publish","hentry"],"yoast_head":"<!-- This site is optimized with the Yoast SEO plugin v24.4 - https:\/\/yoast.com\/wordpress\/plugins\/seo\/ -->\n<title>Soluciones Electr\u00f3nicas Avanzadas - Olloniego Motor Center<\/title>\n<meta name=\"robots\" content=\"index, follow, max-snippet:-1, max-image-preview:large, max-video-preview:-1\" \/>\n<link rel=\"canonical\" href=\"https:\/\/www.olloniegomotor.es\/en\/soluciones-electronicas-avanzadas\/\" \/>\n<meta property=\"og:locale\" content=\"en_US\" \/>\n<meta property=\"og:type\" content=\"article\" \/>\n<meta property=\"og:title\" content=\"Soluciones Electr\u00f3nicas Avanzadas - Olloniego Motor Center\" \/>\n<meta property=\"og:description\" content=\"Soluciones Electr\u00f3nicas Avanzadas Inicio &gt; Servicios &gt; Soluciones Electr\u00f3nicas Avanzada En Olloniego Motor Center, estamos comprometidos a llevar tu experiencia automovil\u00edstica al siguiente nivel a trav\u00e9s de nuestras soluciones electr\u00f3nicas avanzadas. Nuestro enfoque en la innovaci\u00f3n y la tecnolog\u00eda se traduce en un conjunto de servicios dise\u00f1ados para mejorar el rendimiento y la eficiencia de [&hellip;]\" \/>\n<meta property=\"og:url\" content=\"https:\/\/www.olloniegomotor.es\/en\/soluciones-electronicas-avanzadas\/\" \/>\n<meta property=\"og:site_name\" content=\"Olloniego Motor Center\" \/>\n<meta property=\"article:modified_time\" content=\"2024-07-08T14:27:42+00:00\" \/>\n<meta property=\"og:image\" content=\"https:\/\/www.olloniegomotor.es\/wp-content\/uploads\/2023\/10\/compu-1.jpg\" \/>\n<meta name=\"twitter:card\" content=\"summary_large_image\" \/>\n<meta name=\"twitter:label1\" content=\"Est. reading time\" \/>\n\t<meta name=\"twitter:data1\" content=\"2 minutes\" \/>\n<script type=\"application\/ld+json\" class=\"yoast-schema-graph\">{\"@context\":\"https:\/\/schema.org\",\"@graph\":[{\"@type\":\"WebPage\",\"@id\":\"https:\/\/www.olloniegomotor.es\/soluciones-electronicas-avanzadas\/\",\"url\":\"https:\/\/www.olloniegomotor.es\/soluciones-electronicas-avanzadas\/\",\"name\":\"Soluciones Electr\u00f3nicas Avanzadas - Olloniego Motor Center\",\"isPartOf\":{\"@id\":\"https:\/\/www.olloniegomotor.es\/#website\"},\"primaryImageOfPage\":{\"@id\":\"https:\/\/www.olloniegomotor.es\/soluciones-electronicas-avanzadas\/#primaryimage\"},\"image\":{\"@id\":\"https:\/\/www.olloniegomotor.es\/soluciones-electronicas-avanzadas\/#primaryimage\"},\"thumbnailUrl\":\"https:\/\/www.olloniegomotor.es\/wp-content\/uploads\/2023\/10\/compu-1.jpg\",\"datePublished\":\"2023-10-31T21:18:25+00:00\",\"dateModified\":\"2024-07-08T14:27:42+00:00\",\"breadcrumb\":{\"@id\":\"https:\/\/www.olloniegomotor.es\/soluciones-electronicas-avanzadas\/#breadcrumb\"},\"inLanguage\":\"en-US\",\"potentialAction\":[{\"@type\":\"ReadAction\",\"target\":[\"https:\/\/www.olloniegomotor.es\/soluciones-electronicas-avanzadas\/\"]}]},{\"@type\":\"ImageObject\",\"inLanguage\":\"en-US\",\"@id\":\"https:\/\/www.olloniegomotor.es\/soluciones-electronicas-avanzadas\/#primaryimage\",\"url\":\"https:\/\/www.olloniegomotor.es\/wp-content\/uploads\/2023\/10\/compu-1.jpg\",\"contentUrl\":\"https:\/\/www.olloniegomotor.es\/wp-content\/uploads\/2023\/10\/compu-1.jpg\"},{\"@type\":\"BreadcrumbList\",\"@id\":\"https:\/\/www.olloniegomotor.es\/soluciones-electronicas-avanzadas\/#breadcrumb\",\"itemListElement\":[{\"@type\":\"ListItem\",\"position\":1,\"name\":\"Portada\",\"item\":\"https:\/\/www.olloniegomotor.es\/\"},{\"@type\":\"ListItem\",\"position\":2,\"name\":\"Soluciones Electr\u00f3nicas Avanzadas\"}]},{\"@type\":\"WebSite\",\"@id\":\"https:\/\/www.olloniegomotor.es\/#website\",\"url\":\"https:\/\/www.olloniegomotor.es\/\",\"name\":\"Olloniego Motor Center\",\"description\":\"M\u00e1s de 15 a\u00f1os de experiencia en la industria, especializados en marcas del Grupo BMW.\",\"potentialAction\":[{\"@type\":\"SearchAction\",\"target\":{\"@type\":\"EntryPoint\",\"urlTemplate\":\"https:\/\/www.olloniegomotor.es\/?s={search_term_string}\"},\"query-input\":{\"@type\":\"PropertyValueSpecification\",\"valueRequired\":true,\"valueName\":\"search_term_string\"}}],\"inLanguage\":\"en-US\"}]}<\/script>\n<!-- \/ Yoast SEO plugin. -->","yoast_head_json":{"title":"Soluciones Electr\u00f3nicas Avanzadas - Olloniego Motor Center","robots":{"index":"index","follow":"follow","max-snippet":"max-snippet:-1","max-image-preview":"max-image-preview:large","max-video-preview":"max-video-preview:-1"},"canonical":"https:\/\/www.olloniegomotor.es\/en\/soluciones-electronicas-avanzadas\/","og_locale":"en_US","og_type":"article","og_title":"Soluciones Electr\u00f3nicas Avanzadas - Olloniego Motor Center","og_description":"Soluciones Electr\u00f3nicas Avanzadas Inicio &gt; Servicios &gt; Soluciones Electr\u00f3nicas Avanzada En Olloniego Motor Center, estamos comprometidos a llevar tu experiencia automovil\u00edstica al siguiente nivel a trav\u00e9s de nuestras soluciones electr\u00f3nicas avanzadas. Nuestro enfoque en la innovaci\u00f3n y la tecnolog\u00eda se traduce en un conjunto de servicios dise\u00f1ados para mejorar el rendimiento y la eficiencia de [&hellip;]","og_url":"https:\/\/www.olloniegomotor.es\/en\/soluciones-electronicas-avanzadas\/","og_site_name":"Olloniego Motor Center","article_modified_time":"2024-07-08T14:27:42+00:00","og_image":[{"url":"https:\/\/www.olloniegomotor.es\/wp-content\/uploads\/2023\/10\/compu-1.jpg","type":"","width":"","height":""}],"twitter_card":"summary_large_image","twitter_misc":{"Est. reading time":"2 minutes"},"schema":{"@context":"https:\/\/schema.org","@graph":[{"@type":"WebPage","@id":"https:\/\/www.olloniegomotor.es\/soluciones-electronicas-avanzadas\/","url":"https:\/\/www.olloniegomotor.es\/soluciones-electronicas-avanzadas\/","name":"Soluciones Electr\u00f3nicas Avanzadas - Olloniego Motor Center","isPartOf":{"@id":"https:\/\/www.olloniegomotor.es\/#website"},"primaryImageOfPage":{"@id":"https:\/\/www.olloniegomotor.es\/soluciones-electronicas-avanzadas\/#primaryimage"},"image":{"@id":"https:\/\/www.olloniegomotor.es\/soluciones-electronicas-avanzadas\/#primaryimage"},"thumbnailUrl":"https:\/\/www.olloniegomotor.es\/wp-content\/uploads\/2023\/10\/compu-1.jpg","datePublished":"2023-10-31T21:18:25+00:00","dateModified":"2024-07-08T14:27:42+00:00","breadcrumb":{"@id":"https:\/\/www.olloniegomotor.es\/soluciones-electronicas-avanzadas\/#breadcrumb"},"inLanguage":"en-US","potentialAction":[{"@type":"ReadAction","target":["https:\/\/www.olloniegomotor.es\/soluciones-electronicas-avanzadas\/"]}]},{"@type":"ImageObject","inLanguage":"en-US","@id":"https:\/\/www.olloniegomotor.es\/soluciones-electronicas-avanzadas\/#primaryimage","url":"https:\/\/www.olloniegomotor.es\/wp-content\/uploads\/2023\/10\/compu-1.jpg","contentUrl":"https:\/\/www.olloniegomotor.es\/wp-content\/uploads\/2023\/10\/compu-1.jpg"},{"@type":"BreadcrumbList","@id":"https:\/\/www.olloniegomotor.es\/soluciones-electronicas-avanzadas\/#breadcrumb","itemListElement":[{"@type":"ListItem","position":1,"name":"Portada","item":"https:\/\/www.olloniegomotor.es\/"},{"@type":"ListItem","position":2,"name":"Soluciones Electr\u00f3nicas Avanzadas"}]},{"@type":"WebSite","@id":"https:\/\/www.olloniegomotor.es\/#website","url":"https:\/\/www.olloniegomotor.es\/","name":"Olloniego Motor Center","description":"M\u00e1s de 15 a\u00f1os de experiencia en la industria, especializados en marcas del Grupo BMW.","potentialAction":[{"@type":"SearchAction","target":{"@type":"EntryPoint","urlTemplate":"https:\/\/www.olloniegomotor.es\/?s={search_term_string}"},"query-input":{"@type":"PropertyValueSpecification","valueRequired":true,"valueName":"search_term_string"}}],"inLanguage":"en-US"}]}},"_links":{"self":[{"href":"https:\/\/www.olloniegomotor.es\/en\/wp-json\/wp\/v2\/pages\/162","targetHints":{"allow":["GET"]}}],"collection":[{"href":"https:\/\/www.olloniegomotor.es\/en\/wp-json\/wp\/v2\/pages"}],"about":[{"href":"https:\/\/www.olloniegomotor.es\/en\/wp-json\/wp\/v2\/types\/page"}],"author":[{"embeddable":true,"href":"https:\/\/www.olloniegomotor.es\/en\/wp-json\/wp\/v2\/users\/1"}],"replies":[{"embeddable":true,"href":"https:\/\/www.olloniegomotor.es\/en\/wp-json\/wp\/v2\/comments?post=162"}],"version-history":[{"count":43,"href":"https:\/\/www.olloniegomotor.es\/en\/wp-json\/wp\/v2\/pages\/162\/revisions"}],"predecessor-version":[{"id":693,"href":"https:\/\/www.olloniegomotor.es\/en\/wp-json\/wp\/v2\/pages\/162\/revisions\/693"}],"wp:attachment":[{"href":"https:\/\/www.olloniegomotor.es\/en\/wp-json\/wp\/v2\/media?parent=162"}],"curies":[{"name":"wp","href":"https:\/\/api.w.org\/{rel}","templated":true}]}}